{"id":520,"date":"2016-10-06T07:29:28","date_gmt":"2016-10-06T06:29:28","guid":{"rendered":"https:\/\/procomed.ch\/produit\/promot-3185\/"},"modified":"2017-01-10T11:18:59","modified_gmt":"2017-01-10T10:18:59","slug":"promot-3185","status":"publish","type":"product","link":"https:\/\/procomed.ch\/en\/produit\/promot-3185\/","title":{"rendered":"Promot 3185"},"content":{"rendered":"<p>Fauteuil de soins et dialyse Promotal &#8211; Hauteur variable \u00e9lectrique, commande manuelle, 4 position : d&#8217;accueil, de soin, allong\u00e9e et d\u00e9clive, sellerie grand confort.<\/p>","protected":false},"excerpt":{"rendered":"<p>Fauteuil de soins et dialyse Promotal &#8211; Hauteur variable \u00e9lectrique, commande manuelle, 4 position : d&#8217;accueil, de soin, allong\u00e9e et d\u00e9clive, sellerie grand confort.<\/p>\n","protected":false},"featured_media":0,"comment_status":"closed","ping_status":"closed","template":"","meta":{"_mi_skip_tracking":false},"product_cat":[77],"product_tag":[],"_links":{"self":[{"href":"https:\/\/procomed.ch\/en\/wp-json\/wp\/v2\/product\/520"}],"collection":[{"href":"https:\/\/procomed.ch\/en\/wp-json\/wp\/v2\/product"}],"about":[{"href":"https:\/\/procomed.ch\/en\/wp-json\/wp\/v2\/types\/product"}],"replies":[{"embeddable":true,"href":"https:\/\/procomed.ch\/en\/wp-json\/wp\/v2\/comments?post=520"}],"wp:attachment":[{"href":"https:\/\/procomed.ch\/en\/wp-json\/wp\/v2\/media?parent=520"}],"wp:term":[{"taxonomy":"product_cat","embeddable":true,"href":"https:\/\/procomed.ch\/en\/wp-json\/wp\/v2\/product_cat?post=520"},{"taxonomy":"product_tag","embeddable":true,"href":"https:\/\/procomed.ch\/en\/wp-json\/wp\/v2\/product_tag?post=520"}],"curies":[{"name":"wp","href":"https:\/\/api.w.org\/{rel}","templated":true}]}}