{"id":514,"date":"2016-10-06T07:29:28","date_gmt":"2016-10-06T06:29:28","guid":{"rendered":"https:\/\/procomed.ch\/produit\/dermat\/"},"modified":"2017-01-09T13:31:40","modified_gmt":"2017-01-09T12:31:40","slug":"dermat","status":"publish","type":"product","link":"https:\/\/procomed.ch\/en\/produit\/dermat\/","title":{"rendered":"DERMAT"},"content":{"rendered":"<p>Dermatoscope ou trousse de dermatoscopie.<\/p>\n<p>D\u00e9tails \u00e0 voir selon le mod\u00e8le choisi.<\/p>","protected":false},"excerpt":{"rendered":"<p>Dermatoscope ou trousse de dermatoscopie. D\u00e9tails \u00e0 voir selon le mod\u00e8le choisi.<\/p>\n","protected":false},"featured_media":0,"comment_status":"closed","ping_status":"closed","template":"","meta":{"_mi_skip_tracking":false},"product_cat":[63],"product_tag":[],"_links":{"self":[{"href":"https:\/\/procomed.ch\/en\/wp-json\/wp\/v2\/product\/514"}],"collection":[{"href":"https:\/\/procomed.ch\/en\/wp-json\/wp\/v2\/product"}],"about":[{"href":"https:\/\/procomed.ch\/en\/wp-json\/wp\/v2\/types\/product"}],"replies":[{"embeddable":true,"href":"https:\/\/procomed.ch\/en\/wp-json\/wp\/v2\/comments?post=514"}],"wp:attachment":[{"href":"https:\/\/procomed.ch\/en\/wp-json\/wp\/v2\/media?parent=514"}],"wp:term":[{"taxonomy":"product_cat","embeddable":true,"href":"https:\/\/procomed.ch\/en\/wp-json\/wp\/v2\/product_cat?post=514"},{"taxonomy":"product_tag","embeddable":true,"href":"https:\/\/procomed.ch\/en\/wp-json\/wp\/v2\/product_tag?post=514"}],"curies":[{"name":"wp","href":"https:\/\/api.w.org\/{rel}","templated":true}]}}