{"id":506,"date":"2016-10-06T07:29:28","date_gmt":"2016-10-06T06:29:28","guid":{"rendered":"https:\/\/procomed.ch\/produit\/balance\/"},"modified":"2017-01-03T15:44:06","modified_gmt":"2017-01-03T14:44:06","slug":"balance","status":"publish","type":"product","link":"https:\/\/procomed.ch\/en\/produit\/balance\/","title":{"rendered":"BALANCE"},"content":{"rendered":"<p>Nous avons \u00e0 notre disposition plusieurs mod\u00e8les de p\u00e8se-personne :  \u00e9lectronique, avec \u00e9cran lcd, ultra plat, avec t\u00eate d\u00e9tachable, fonction BMI, m\u00e9canique, &#8230; <\/p>\n<p>Consultez un de nos conseiller pour choisir le mod\u00e8le qui vous convienne.<\/p>","protected":false},"excerpt":{"rendered":"<p>Nous avons \u00e0 notre disposition plusieurs mod\u00e8les de p\u00e8se-personne : \u00e9lectronique, avec \u00e9cran lcd, ultra plat, avec t\u00eate d\u00e9tachable, fonction BMI, m\u00e9canique, &#8230; Consultez un de nos conseiller pour choisir le mod\u00e8le qui vous convienne.<\/p>\n","protected":false},"featured_media":0,"comment_status":"closed","ping_status":"closed","template":"","meta":{"_mi_skip_tracking":false},"product_cat":[66],"product_tag":[],"_links":{"self":[{"href":"https:\/\/procomed.ch\/en\/wp-json\/wp\/v2\/product\/506"}],"collection":[{"href":"https:\/\/procomed.ch\/en\/wp-json\/wp\/v2\/product"}],"about":[{"href":"https:\/\/procomed.ch\/en\/wp-json\/wp\/v2\/types\/product"}],"replies":[{"embeddable":true,"href":"https:\/\/procomed.ch\/en\/wp-json\/wp\/v2\/comments?post=506"}],"wp:attachment":[{"href":"https:\/\/procomed.ch\/en\/wp-json\/wp\/v2\/media?parent=506"}],"wp:term":[{"taxonomy":"product_cat","embeddable":true,"href":"https:\/\/procomed.ch\/en\/wp-json\/wp\/v2\/product_cat?post=506"},{"taxonomy":"product_tag","embeddable":true,"href":"https:\/\/procomed.ch\/en\/wp-json\/wp\/v2\/product_tag?post=506"}],"curies":[{"name":"wp","href":"https:\/\/api.w.org\/{rel}","templated":true}]}}