{"id":505,"date":"2016-10-06T07:29:28","date_gmt":"2016-10-06T06:29:28","guid":{"rendered":"https:\/\/procomed.ch\/produit\/colonne\/"},"modified":"2017-01-03T15:47:54","modified_gmt":"2017-01-03T14:47:54","slug":"colonne","status":"publish","type":"product","link":"https:\/\/procomed.ch\/en\/produit\/colonne\/","title":{"rendered":"COLONNE"},"content":{"rendered":"<p>Nous avons \u00e0 notre disposition plusieurs mod\u00e8les de balances \u00e0 colonne :  \u00e9lectronique, avec \u00e9cran lcd, avec imprimante int\u00e9gr\u00e9e, fonction BMI, m\u00e9canique, &#8230; <\/p>\n<p>Consultez un de nos conseiller pour choisir le mod\u00e8le qui vous convienne<\/p>","protected":false},"excerpt":{"rendered":"<p>Nous avons \u00e0 notre disposition plusieurs mod\u00e8les de balances \u00e0 colonne : \u00e9lectronique, avec \u00e9cran lcd, avec imprimante int\u00e9gr\u00e9e, fonction BMI, m\u00e9canique, &#8230; Consultez un de nos conseiller pour choisir le mod\u00e8le qui vous convienne<\/p>\n","protected":false},"featured_media":0,"comment_status":"closed","ping_status":"closed","template":"","meta":{"_mi_skip_tracking":false},"product_cat":[66],"product_tag":[],"_links":{"self":[{"href":"https:\/\/procomed.ch\/en\/wp-json\/wp\/v2\/product\/505"}],"collection":[{"href":"https:\/\/procomed.ch\/en\/wp-json\/wp\/v2\/product"}],"about":[{"href":"https:\/\/procomed.ch\/en\/wp-json\/wp\/v2\/types\/product"}],"replies":[{"embeddable":true,"href":"https:\/\/procomed.ch\/en\/wp-json\/wp\/v2\/comments?post=505"}],"wp:attachment":[{"href":"https:\/\/procomed.ch\/en\/wp-json\/wp\/v2\/media?parent=505"}],"wp:term":[{"taxonomy":"product_cat","embeddable":true,"href":"https:\/\/procomed.ch\/en\/wp-json\/wp\/v2\/product_cat?post=505"},{"taxonomy":"product_tag","embeddable":true,"href":"https:\/\/procomed.ch\/en\/wp-json\/wp\/v2\/product_tag?post=505"}],"curies":[{"name":"wp","href":"https:\/\/api.w.org\/{rel}","templated":true}]}}