{"id":501,"date":"2016-10-06T07:28:35","date_gmt":"2016-10-06T06:28:35","guid":{"rendered":"https:\/\/procomed.ch\/produit\/c6101\/"},"modified":"2017-07-14T16:39:36","modified_gmt":"2017-07-14T15:39:36","slug":"c6102","status":"publish","type":"product","link":"https:\/\/procomed.ch\/en\/produit\/c6102\/","title":{"rendered":"C6101"},"content":{"rendered":"<p>Divan d&#8217;examen \u00e9lectrique \u00e0 pi\u00e8tement central.<\/p>\n<p>Structure m\u00e9tallique avec rev\u00eatement bois, sellerie \u00e9paisse. T\u00eati\u00e8re inclus. Commande au pied. .<\/p>\n<p>Nous avons plusieurs mod\u00e8les \u00e0 votre disposition, 1, 2 ou 3 plans, contactez un de nos conseillers pour de plus amples renseignements.<\/p>","protected":false},"excerpt":{"rendered":"<p>Divan d&#8217;examen \u00e9lectrique \u00e0 pi\u00e8tement central. Structure m\u00e9tallique avec rev\u00eatement bois, sellerie \u00e9paisse. T\u00eati\u00e8re inclus. Commande au pied. . Nous avons plusieurs mod\u00e8les \u00e0 votre disposition, 1, 2 ou 3 plans, contactez un de nos conseillers pour de plus amples renseignements.<\/p>\n","protected":false},"featured_media":1414,"comment_status":"closed","ping_status":"closed","template":"","meta":{"_mi_skip_tracking":false},"product_cat":[76],"product_tag":[],"_links":{"self":[{"href":"https:\/\/procomed.ch\/en\/wp-json\/wp\/v2\/product\/501"}],"collection":[{"href":"https:\/\/procomed.ch\/en\/wp-json\/wp\/v2\/product"}],"about":[{"href":"https:\/\/procomed.ch\/en\/wp-json\/wp\/v2\/types\/product"}],"replies":[{"embeddable":true,"href":"https:\/\/procomed.ch\/en\/wp-json\/wp\/v2\/comments?post=501"}],"wp:featuredmedia":[{"embeddable":true,"href":"https:\/\/procomed.ch\/en\/wp-json\/wp\/v2\/media\/1414"}],"wp:attachment":[{"href":"https:\/\/procomed.ch\/en\/wp-json\/wp\/v2\/media?parent=501"}],"wp:term":[{"taxonomy":"product_cat","embeddable":true,"href":"https:\/\/procomed.ch\/en\/wp-json\/wp\/v2\/product_cat?post=501"},{"taxonomy":"product_tag","embeddable":true,"href":"https:\/\/procomed.ch\/en\/wp-json\/wp\/v2\/product_tag?post=501"}],"curies":[{"name":"wp","href":"https:\/\/api.w.org\/{rel}","templated":true}]}}