{"id":498,"date":"2016-10-06T07:28:35","date_gmt":"2016-10-06T06:28:35","guid":{"rendered":"https:\/\/procomed.ch\/produit\/peakflow\/"},"modified":"2016-10-10T10:11:05","modified_gmt":"2016-10-10T09:11:05","slug":"peakflow","status":"publish","type":"product","link":"https:\/\/procomed.ch\/en\/produit\/peakflow\/","title":{"rendered":"PEAKFLOW"},"content":{"rendered":"<p>D\u00e9bim\u00e8tre de poche Peak Flow.<\/p>\n<p>Particuli\u00e8rement conseill\u00e9 en cas de crise d&#8217;asthme : il sera, pour le patient, un t\u00e9moin essentiel de la s\u00e9v\u00e9rit\u00e9 de ses crises. Il est \u00e9galement indiqu\u00e9 en cabinet m\u00e9dical pour appr\u00e9cier ponctuellement l&#8217;\u00e9volution du souffle ou pour toute action p\u00e9dagogique.<\/p>\n<p>Mod\u00e8le standard : \u00e9chelle de 50 \u00e0 800l\/mm<\/p>\n","protected":false},"excerpt":{"rendered":"<p>D\u00e9bim\u00e8tre de poche Peak Flow. Particuli\u00e8rement conseill\u00e9 en cas de crise d&#8217;asthme : il sera, pour le patient, un t\u00e9moin essentiel de la s\u00e9v\u00e9rit\u00e9 de ses crises. Il est \u00e9galement indiqu\u00e9 en cabinet m\u00e9dical pour appr\u00e9cier ponctuellement l&#8217;\u00e9volution du souffle ou pour toute action p\u00e9dagogique. Mod\u00e8le standard : \u00e9chelle de 50 \u00e0 800l\/mm<\/p>\n","protected":false},"featured_media":0,"comment_status":"closed","ping_status":"open","template":"","meta":{"_mi_skip_tracking":false},"product_cat":[63],"product_tag":[],"_links":{"self":[{"href":"https:\/\/procomed.ch\/en\/wp-json\/wp\/v2\/product\/498"}],"collection":[{"href":"https:\/\/procomed.ch\/en\/wp-json\/wp\/v2\/product"}],"about":[{"href":"https:\/\/procomed.ch\/en\/wp-json\/wp\/v2\/types\/product"}],"replies":[{"embeddable":true,"href":"https:\/\/procomed.ch\/en\/wp-json\/wp\/v2\/comments?post=498"}],"wp:attachment":[{"href":"https:\/\/procomed.ch\/en\/wp-json\/wp\/v2\/media?parent=498"}],"wp:term":[{"taxonomy":"product_cat","embeddable":true,"href":"https:\/\/procomed.ch\/en\/wp-json\/wp\/v2\/product_cat?post=498"},{"taxonomy":"product_tag","embeddable":true,"href":"https:\/\/procomed.ch\/en\/wp-json\/wp\/v2\/product_tag?post=498"}],"curies":[{"name":"wp","href":"https:\/\/api.w.org\/{rel}","templated":true}]}}