{"id":496,"date":"2016-10-06T07:28:35","date_gmt":"2016-10-06T06:28:35","guid":{"rendered":"https:\/\/procomed.ch\/produit\/pembpeakflow\/"},"modified":"2017-01-09T13:18:35","modified_gmt":"2017-01-09T12:18:35","slug":"pembpeakflow","status":"publish","type":"product","link":"https:\/\/procomed.ch\/en\/produit\/pembpeakflow\/","title":{"rendered":"PEMBPEAKFLOW"},"content":{"rendered":"<p>Embouts carton pellicul\u00e9s, \u00e0 usage unique pour d\u00e9bim\u00e8tre.<\/p>\n<p>existent en 2 formats : Diam. 22 ou 30 mm.<\/p>\n<p>(Commande minimale demand\u00e9e)<\/p>","protected":false},"excerpt":{"rendered":"<p>Embouts carton pellicul\u00e9s, \u00e0 usage unique pour d\u00e9bim\u00e8tre. existent en 2 formats : Diam. 22 ou 30 mm. (Commande minimale demand\u00e9e)<\/p>\n","protected":false},"featured_media":0,"comment_status":"closed","ping_status":"closed","template":"","meta":{"_mi_skip_tracking":false},"product_cat":[63],"product_tag":[],"_links":{"self":[{"href":"https:\/\/procomed.ch\/en\/wp-json\/wp\/v2\/product\/496"}],"collection":[{"href":"https:\/\/procomed.ch\/en\/wp-json\/wp\/v2\/product"}],"about":[{"href":"https:\/\/procomed.ch\/en\/wp-json\/wp\/v2\/types\/product"}],"replies":[{"embeddable":true,"href":"https:\/\/procomed.ch\/en\/wp-json\/wp\/v2\/comments?post=496"}],"wp:attachment":[{"href":"https:\/\/procomed.ch\/en\/wp-json\/wp\/v2\/media?parent=496"}],"wp:term":[{"taxonomy":"product_cat","embeddable":true,"href":"https:\/\/procomed.ch\/en\/wp-json\/wp\/v2\/product_cat?post=496"},{"taxonomy":"product_tag","embeddable":true,"href":"https:\/\/procomed.ch\/en\/wp-json\/wp\/v2\/product_tag?post=496"}],"curies":[{"name":"wp","href":"https:\/\/api.w.org\/{rel}","templated":true}]}}