{"id":495,"date":"2016-10-06T07:28:35","date_gmt":"2016-10-06T06:28:35","guid":{"rendered":"https:\/\/procomed.ch\/produit\/7477\/"},"modified":"2024-04-10T17:00:56","modified_gmt":"2024-04-10T15:00:56","slug":"7477","status":"publish","type":"product","link":"https:\/\/procomed.ch\/en\/produit\/7477\/","title":{"rendered":"7477"},"content":{"rendered":"<p>Aniosrub 85 NPC.<\/p>\n<p>Produit hydroalcoolique pour le traitement hygi\u00e8nique et la d\u00e9sinfection chirurgicale des mains. Sans rin\u00e7age.<\/p>","protected":false},"excerpt":{"rendered":"<p>Aniosrub 85 NPC. Produit hydroalcoolique pour le traitement hygi\u00e8nique et la d\u00e9sinfection chirurgicale des mains. Sans rin\u00e7age.<\/p>\n","protected":false},"featured_media":1835,"comment_status":"closed","ping_status":"closed","template":"","meta":{"_mi_skip_tracking":false},"product_cat":[7,40],"product_tag":[],"_links":{"self":[{"href":"https:\/\/procomed.ch\/en\/wp-json\/wp\/v2\/product\/495"}],"collection":[{"href":"https:\/\/procomed.ch\/en\/wp-json\/wp\/v2\/product"}],"about":[{"href":"https:\/\/procomed.ch\/en\/wp-json\/wp\/v2\/types\/product"}],"replies":[{"embeddable":true,"href":"https:\/\/procomed.ch\/en\/wp-json\/wp\/v2\/comments?post=495"}],"wp:featuredmedia":[{"embeddable":true,"href":"https:\/\/procomed.ch\/en\/wp-json\/wp\/v2\/media\/1835"}],"wp:attachment":[{"href":"https:\/\/procomed.ch\/en\/wp-json\/wp\/v2\/media?parent=495"}],"wp:term":[{"taxonomy":"product_cat","embeddable":true,"href":"https:\/\/procomed.ch\/en\/wp-json\/wp\/v2\/product_cat?post=495"},{"taxonomy":"product_tag","embeddable":true,"href":"https:\/\/procomed.ch\/en\/wp-json\/wp\/v2\/product_tag?post=495"}],"curies":[{"name":"wp","href":"https:\/\/api.w.org\/{rel}","templated":true}]}}