{"id":493,"date":"2016-10-06T07:28:35","date_gmt":"2016-10-06T06:28:35","guid":{"rendered":"https:\/\/procomed.ch\/produit\/399\/"},"modified":"2024-07-25T16:40:25","modified_gmt":"2024-07-25T14:40:25","slug":"399","status":"publish","type":"product","link":"https:\/\/procomed.ch\/en\/produit\/399\/","title":{"rendered":"399"},"content":{"rendered":"<p>Cr\u00e8me protectrice Anios.<\/p>\n<p>Protection de la peau, des agressions r\u00e9p\u00e9t\u00e9es d&ucirc;es aux conditions de travail.<\/p>","protected":false},"excerpt":{"rendered":"<p>Cr\u00e8me protectrice Anios. Protection de la peau, des agressions r\u00e9p\u00e9t\u00e9es d&ucirc;es aux conditions de travail.<\/p>\n","protected":false},"featured_media":4309,"comment_status":"closed","ping_status":"closed","template":"","meta":{"_mi_skip_tracking":false},"product_cat":[7,40],"product_tag":[],"_links":{"self":[{"href":"https:\/\/procomed.ch\/en\/wp-json\/wp\/v2\/product\/493"}],"collection":[{"href":"https:\/\/procomed.ch\/en\/wp-json\/wp\/v2\/product"}],"about":[{"href":"https:\/\/procomed.ch\/en\/wp-json\/wp\/v2\/types\/product"}],"replies":[{"embeddable":true,"href":"https:\/\/procomed.ch\/en\/wp-json\/wp\/v2\/comments?post=493"}],"wp:featuredmedia":[{"embeddable":true,"href":"https:\/\/procomed.ch\/en\/wp-json\/wp\/v2\/media\/4309"}],"wp:attachment":[{"href":"https:\/\/procomed.ch\/en\/wp-json\/wp\/v2\/media?parent=493"}],"wp:term":[{"taxonomy":"product_cat","embeddable":true,"href":"https:\/\/procomed.ch\/en\/wp-json\/wp\/v2\/product_cat?post=493"},{"taxonomy":"product_tag","embeddable":true,"href":"https:\/\/procomed.ch\/en\/wp-json\/wp\/v2\/product_tag?post=493"}],"curies":[{"name":"wp","href":"https:\/\/api.w.org\/{rel}","templated":true}]}}