{"id":482,"date":"2016-10-06T07:28:35","date_gmt":"2016-10-06T06:28:35","guid":{"rendered":"https:\/\/procomed.ch\/produit\/atomisee\/"},"modified":"2026-02-16T15:50:36","modified_gmt":"2026-02-16T14:50:36","slug":"atomisee","status":"publish","type":"product","link":"https:\/\/procomed.ch\/en\/produit\/atomisee\/","title":{"rendered":"ATOMISEE"},"content":{"rendered":"<p>Lessive Atomis\u00e9e Anios.<\/p>\n<p>Lavage et d\u00e9sinfection du linge, tous textiles : blanc, couleurs, coton et synth\u00e9tiques, d\u00e8s 40\u00b0C, m\u00eame en eau tr\u00e8s calcaire.<\/p>\n<p>Procure d&#8217;excellents r\u00e9sultats gr\u00e2ce \u00e0 sa haute concentration en agents de blanchiment, enzymes, tensio-actifs et agents alcalins.<\/p>","protected":false},"excerpt":{"rendered":"<p>Lessive Atomis\u00e9e Anios. Lavage et d\u00e9sinfection du linge, tous textiles : blanc, couleurs, coton et synth\u00e9tiques, d\u00e8s 40\u00b0C, m\u00eame en eau tr\u00e8s calcaire. Procure d&#8217;excellents r\u00e9sultats gr\u00e2ce \u00e0 sa haute concentration en agents de blanchiment, enzymes, tensio-actifs et agents alcalins.<\/p>\n","protected":false},"featured_media":0,"comment_status":"closed","ping_status":"closed","template":"","meta":{"_mi_skip_tracking":false},"product_cat":[41],"product_tag":[],"_links":{"self":[{"href":"https:\/\/procomed.ch\/en\/wp-json\/wp\/v2\/product\/482"}],"collection":[{"href":"https:\/\/procomed.ch\/en\/wp-json\/wp\/v2\/product"}],"about":[{"href":"https:\/\/procomed.ch\/en\/wp-json\/wp\/v2\/types\/product"}],"replies":[{"embeddable":true,"href":"https:\/\/procomed.ch\/en\/wp-json\/wp\/v2\/comments?post=482"}],"wp:attachment":[{"href":"https:\/\/procomed.ch\/en\/wp-json\/wp\/v2\/media?parent=482"}],"wp:term":[{"taxonomy":"product_cat","embeddable":true,"href":"https:\/\/procomed.ch\/en\/wp-json\/wp\/v2\/product_cat?post=482"},{"taxonomy":"product_tag","embeddable":true,"href":"https:\/\/procomed.ch\/en\/wp-json\/wp\/v2\/product_tag?post=482"}],"curies":[{"name":"wp","href":"https:\/\/api.w.org\/{rel}","templated":true}]}}