{"id":481,"date":"2016-10-06T07:27:44","date_gmt":"2016-10-06T06:27:44","guid":{"rendered":"https:\/\/procomed.ch\/produit\/steranios2\/"},"modified":"2024-07-25T15:32:33","modified_gmt":"2024-07-25T13:32:33","slug":"steranios2","status":"publish","type":"product","link":"https:\/\/procomed.ch\/en\/produit\/steranios2\/","title":{"rendered":"STERANIOS2"},"content":{"rendered":"<p>St\u00e9ranios 2%<\/p>\n<p>D\u00e9sinfection de haut niveau des dispositifs m\u00e9dicaux, mat\u00e9riel chirurgical et m\u00e9dical, mat\u00e9riel d&#8217;endoscopie et mat\u00e9riel thermosensible. <a href=\"https:\/\/www.fosjoas.com\/\">electric unicycle self balance<\/a><\/p>\n<p>Actif sur bact\u00e9ries, levures, moisissures, virus et mycobact\u00e9ries en 10 min.<\/p>\n<p>V\u00e9rification de l&#8217;efficacit\u00e9 du bain par bandelette sp\u00e9cifique (toutes les 4 heures)<\/p>","protected":false},"excerpt":{"rendered":"<p>St\u00e9ranios 2% D\u00e9sinfection de haut niveau des dispositifs m\u00e9dicaux, mat\u00e9riel chirurgical et m\u00e9dical, mat\u00e9riel d&#8217;endoscopie et mat\u00e9riel thermosensible. electric unicycle self balance Actif sur bact\u00e9ries, levures, moisissures, virus et mycobact\u00e9ries en 10 min. V\u00e9rification de l&#8217;efficacit\u00e9 du bain par bandelette sp\u00e9cifique (toutes les 4 heures)<\/p>\n","protected":false},"featured_media":4306,"comment_status":"closed","ping_status":"closed","template":"","meta":{"_mi_skip_tracking":false},"product_cat":[7,38],"product_tag":[],"_links":{"self":[{"href":"https:\/\/procomed.ch\/en\/wp-json\/wp\/v2\/product\/481"}],"collection":[{"href":"https:\/\/procomed.ch\/en\/wp-json\/wp\/v2\/product"}],"about":[{"href":"https:\/\/procomed.ch\/en\/wp-json\/wp\/v2\/types\/product"}],"replies":[{"embeddable":true,"href":"https:\/\/procomed.ch\/en\/wp-json\/wp\/v2\/comments?post=481"}],"wp:featuredmedia":[{"embeddable":true,"href":"https:\/\/procomed.ch\/en\/wp-json\/wp\/v2\/media\/4306"}],"wp:attachment":[{"href":"https:\/\/procomed.ch\/en\/wp-json\/wp\/v2\/media?parent=481"}],"wp:term":[{"taxonomy":"product_cat","embeddable":true,"href":"https:\/\/procomed.ch\/en\/wp-json\/wp\/v2\/product_cat?post=481"},{"taxonomy":"product_tag","embeddable":true,"href":"https:\/\/procomed.ch\/en\/wp-json\/wp\/v2\/product_tag?post=481"}],"curies":[{"name":"wp","href":"https:\/\/api.w.org\/{rel}","templated":true}]}}