{"id":446,"date":"2016-08-24T07:37:08","date_gmt":"2016-08-24T06:37:08","guid":{"rendered":"https:\/\/procomed.ch\/produit\/rouleau-de-sterilisation-ref-2420\/"},"modified":"2017-04-26T16:18:06","modified_gmt":"2017-04-26T15:18:06","slug":"rouleau-de-sterilisation-ref-2420","status":"publish","type":"product","link":"https:\/\/procomed.ch\/en\/produit\/rouleau-de-sterilisation-ref-2420\/","title":{"rendered":"Rouleau de st\u00e9rilisation, R\u00e9f 2422 (Copie)"},"content":{"rendered":"<p>Rouleau de st\u00e9rilisation<\/p>\n<p><strong>Taille :\u00a0 <\/strong>5.5 cm x 200 m\u00e8tres<br \/>\n<strong>Cond. :<\/strong> unitaire<br \/>\n<strong>Le prix\u00a0 <\/strong>varie en fonction des quantit\u00e9s command\u00e9es.<\/p>\n","protected":false},"excerpt":{"rendered":"<p><strong>R\u00e9f :<\/strong> 2422<br \/>\nRouleau de st\u00e9rilisation<br \/>\n<strong>Taille :<\/strong> 10 cm x 200 m\u00e8tres &#8211;<br \/>\n<strong>Cond. :<\/strong><br \/>\nLe prix varie en fonction des quantit\u00e9s command\u00e9es.<\/p>\n","protected":false},"featured_media":1678,"comment_status":"open","ping_status":"closed","template":"","meta":{"_mi_skip_tracking":false},"product_cat":[6,37],"product_tag":[],"_links":{"self":[{"href":"https:\/\/procomed.ch\/en\/wp-json\/wp\/v2\/product\/446"}],"collection":[{"href":"https:\/\/procomed.ch\/en\/wp-json\/wp\/v2\/product"}],"about":[{"href":"https:\/\/procomed.ch\/en\/wp-json\/wp\/v2\/types\/product"}],"replies":[{"embeddable":true,"href":"https:\/\/procomed.ch\/en\/wp-json\/wp\/v2\/comments?post=446"}],"wp:featuredmedia":[{"embeddable":true,"href":"https:\/\/procomed.ch\/en\/wp-json\/wp\/v2\/media\/1678"}],"wp:attachment":[{"href":"https:\/\/procomed.ch\/en\/wp-json\/wp\/v2\/media?parent=446"}],"wp:term":[{"taxonomy":"product_cat","embeddable":true,"href":"https:\/\/procomed.ch\/en\/wp-json\/wp\/v2\/product_cat?post=446"},{"taxonomy":"product_tag","embeddable":true,"href":"https:\/\/procomed.ch\/en\/wp-json\/wp\/v2\/product_tag?post=446"}],"curies":[{"name":"wp","href":"https:\/\/api.w.org\/{rel}","templated":true}]}}