{"id":443,"date":"2016-08-24T07:34:03","date_gmt":"2016-08-24T06:34:03","guid":{"rendered":"https:\/\/procomed.ch\/?post_type=product&#038;p=443"},"modified":"2018-12-05T14:19:32","modified_gmt":"2018-12-05T13:19:32","slug":"masques-chirurgicaux-a-lacets-bleus","status":"publish","type":"product","link":"https:\/\/procomed.ch\/en\/produit\/masques-chirurgicaux-a-lacets-bleus\/","title":{"rendered":"Masque chirurgical \u00e0 lacet bleus, antibu\u00e9e"},"content":{"rendered":"<p>Masques chirurgicaux \u00e0 lacets bleus, antibu\u00e9e, 3 plis<br \/>\n<strong><br \/>\nCond. :\u00a0 <\/strong>Bo\u00eete de 50 masques<br \/>\n<strong>Le prix\u00a0 <\/strong>varie en fonction des quantit\u00e9s command\u00e9es.<\/p>\n","protected":false},"excerpt":{"rendered":"<p>Masques chirurgicaux \u00e0 lacets bleus, antibu\u00e9e, 3 plis Cond. :\u00a0 Bo\u00eete de 50 masques Le prix\u00a0 varie en fonction des quantit\u00e9s command\u00e9es.<\/p>\n","protected":false},"featured_media":1673,"comment_status":"open","ping_status":"closed","template":"","meta":{"_mi_skip_tracking":false},"product_cat":[6,35],"product_tag":[],"_links":{"self":[{"href":"https:\/\/procomed.ch\/en\/wp-json\/wp\/v2\/product\/443"}],"collection":[{"href":"https:\/\/procomed.ch\/en\/wp-json\/wp\/v2\/product"}],"about":[{"href":"https:\/\/procomed.ch\/en\/wp-json\/wp\/v2\/types\/product"}],"replies":[{"embeddable":true,"href":"https:\/\/procomed.ch\/en\/wp-json\/wp\/v2\/comments?post=443"}],"wp:featuredmedia":[{"embeddable":true,"href":"https:\/\/procomed.ch\/en\/wp-json\/wp\/v2\/media\/1673"}],"wp:attachment":[{"href":"https:\/\/procomed.ch\/en\/wp-json\/wp\/v2\/media?parent=443"}],"wp:term":[{"taxonomy":"product_cat","embeddable":true,"href":"https:\/\/procomed.ch\/en\/wp-json\/wp\/v2\/product_cat?post=443"},{"taxonomy":"product_tag","embeddable":true,"href":"https:\/\/procomed.ch\/en\/wp-json\/wp\/v2\/product_tag?post=443"}],"curies":[{"name":"wp","href":"https:\/\/api.w.org\/{rel}","templated":true}]}}