{"id":440,"date":"2016-08-24T07:30:10","date_gmt":"2016-08-24T06:30:10","guid":{"rendered":"https:\/\/procomed.ch\/produit\/masques-dentaires-a-elastiques-bleus-ref-2320\/"},"modified":"2017-04-26T16:02:42","modified_gmt":"2017-04-26T15:02:42","slug":"masques-dentaires-a-elastiques-bleus-ref-2320","status":"publish","type":"product","link":"https:\/\/procomed.ch\/en\/produit\/masques-dentaires-a-elastiques-bleus-ref-2320\/","title":{"rendered":"Masques dentaires \u00e0 \u00e9lastiques bleus (Copie)"},"content":{"rendered":"<p>Masques dentaires \u00e0 \u00e9lastiques bleus, haute filtration, 3 plis.<\/p>\n<p><strong><br \/>\nCond. : \u00a0<\/strong>Carton de 6 bo\u00eetes de 50 masques (d\u00e9conditionnable)<br \/>\n<strong>Le prix <\/strong>varie en fonction des quantit\u00e9s command\u00e9es.<\/p>\n","protected":false},"excerpt":{"rendered":"<p><strong>R\u00e9f :<\/strong> 2321<br \/>\nMasques dentaires \u00e0 \u00e9lastiques bleus, haute filtration, 3 plis<br \/>\n<strong>Taille :<\/strong> &#8211;<br \/>\n<strong>Cond. :<\/strong> Carton de 6 bo\u00eetes de 50 masques<br \/>\nLe prix varie en fonction des quantit\u00e9s command\u00e9es.<\/p>\n","protected":false},"featured_media":1674,"comment_status":"open","ping_status":"closed","template":"","meta":{"_mi_skip_tracking":false},"product_cat":[6,35],"product_tag":[],"_links":{"self":[{"href":"https:\/\/procomed.ch\/en\/wp-json\/wp\/v2\/product\/440"}],"collection":[{"href":"https:\/\/procomed.ch\/en\/wp-json\/wp\/v2\/product"}],"about":[{"href":"https:\/\/procomed.ch\/en\/wp-json\/wp\/v2\/types\/product"}],"replies":[{"embeddable":true,"href":"https:\/\/procomed.ch\/en\/wp-json\/wp\/v2\/comments?post=440"}],"wp:featuredmedia":[{"embeddable":true,"href":"https:\/\/procomed.ch\/en\/wp-json\/wp\/v2\/media\/1674"}],"wp:attachment":[{"href":"https:\/\/procomed.ch\/en\/wp-json\/wp\/v2\/media?parent=440"}],"wp:term":[{"taxonomy":"product_cat","embeddable":true,"href":"https:\/\/procomed.ch\/en\/wp-json\/wp\/v2\/product_cat?post=440"},{"taxonomy":"product_tag","embeddable":true,"href":"https:\/\/procomed.ch\/en\/wp-json\/wp\/v2\/product_tag?post=440"}],"curies":[{"name":"wp","href":"https:\/\/api.w.org\/{rel}","templated":true}]}}