{"id":4296,"date":"2024-07-24T10:57:43","date_gmt":"2024-07-24T08:57:43","guid":{"rendered":"https:\/\/procomed.ch\/?post_type=product&#038;p=4296"},"modified":"2024-07-24T11:40:54","modified_gmt":"2024-07-24T09:40:54","slug":"incidin-oxyfoam","status":"publish","type":"product","link":"https:\/\/procomed.ch\/en\/produit\/incidin-oxyfoam\/","title":{"rendered":"(Fran\u00e7ais) Incidin OxyFoam &#8211; D\u00e9tergents et d\u00e9sinfectants"},"content":{"rendered":"<p class=\"qtranxs-available-languages-message qtranxs-available-languages-message-en\">Sorry, this entry is only available in <a href=\"https:\/\/procomed.ch\/fr\/wp-json\/wp\/v2\/product\/4296\" class=\"qtranxs-available-language-link qtranxs-available-language-link-fr\" title=\"Fran\u00e7ais\">French<\/a>.<\/p>","protected":false},"excerpt":{"rendered":"<p>Sorry, this entry is only available in French.<\/p>\n","protected":false},"featured_media":4297,"comment_status":"open","ping_status":"closed","template":"","meta":{"_mi_skip_tracking":false},"product_cat":[39,7],"product_tag":[],"_links":{"self":[{"href":"https:\/\/procomed.ch\/en\/wp-json\/wp\/v2\/product\/4296"}],"collection":[{"href":"https:\/\/procomed.ch\/en\/wp-json\/wp\/v2\/product"}],"about":[{"href":"https:\/\/procomed.ch\/en\/wp-json\/wp\/v2\/types\/product"}],"replies":[{"embeddable":true,"href":"https:\/\/procomed.ch\/en\/wp-json\/wp\/v2\/comments?post=4296"}],"wp:featuredmedia":[{"embeddable":true,"href":"https:\/\/procomed.ch\/en\/wp-json\/wp\/v2\/media\/4297"}],"wp:attachment":[{"href":"https:\/\/procomed.ch\/en\/wp-json\/wp\/v2\/media?parent=4296"}],"wp:term":[{"taxonomy":"product_cat","embeddable":true,"href":"https:\/\/procomed.ch\/en\/wp-json\/wp\/v2\/product_cat?post=4296"},{"taxonomy":"product_tag","embeddable":true,"href":"https:\/\/procomed.ch\/en\/wp-json\/wp\/v2\/product_tag?post=4296"}],"curies":[{"name":"wp","href":"https:\/\/api.w.org\/{rel}","templated":true}]}}