{"id":393,"date":"2016-08-08T14:21:29","date_gmt":"2016-08-08T13:21:29","guid":{"rendered":"https:\/\/procomed.ch\/?post_type=product&#038;p=393"},"modified":"2017-04-26T16:22:21","modified_gmt":"2017-04-26T15:22:21","slug":"rouleau-de-sterilisation-2","status":"publish","type":"product","link":"https:\/\/procomed.ch\/en\/produit\/rouleau-de-sterilisation-2\/","title":{"rendered":"Rouleau de st\u00e9rilisation, R\u00e9f 2425"},"content":{"rendered":"<p>Rouleau de st\u00e9rilisation<\/p>\n<p><strong>Taille : \u00a0<\/strong>25\u00a0cm x 200 m\u00e8tres &#8211; <strong><br \/>\nCond. : <\/strong>unitaire<br \/>\n<strong>Le prix\u00a0 <\/strong>varie en fonction des quantit\u00e9s command\u00e9es.<\/p>\n","protected":false},"excerpt":{"rendered":"<p><strong>R\u00e9f :<\/strong> 2425<br \/>\nRouleau de st\u00e9rilisation<br \/>\n<strong>Taille :<\/strong> 25 cm x 200 m\u00e8tres &#8211;<br \/>\n<strong>Cond. :<\/strong><br \/>\nLe prix varie en fonction des quantit\u00e9s command\u00e9es.<\/p>\n","protected":false},"featured_media":1678,"comment_status":"open","ping_status":"closed","template":"","meta":{"_mi_skip_tracking":false},"product_cat":[6,37],"product_tag":[],"_links":{"self":[{"href":"https:\/\/procomed.ch\/en\/wp-json\/wp\/v2\/product\/393"}],"collection":[{"href":"https:\/\/procomed.ch\/en\/wp-json\/wp\/v2\/product"}],"about":[{"href":"https:\/\/procomed.ch\/en\/wp-json\/wp\/v2\/types\/product"}],"replies":[{"embeddable":true,"href":"https:\/\/procomed.ch\/en\/wp-json\/wp\/v2\/comments?post=393"}],"wp:featuredmedia":[{"embeddable":true,"href":"https:\/\/procomed.ch\/en\/wp-json\/wp\/v2\/media\/1678"}],"wp:attachment":[{"href":"https:\/\/procomed.ch\/en\/wp-json\/wp\/v2\/media?parent=393"}],"wp:term":[{"taxonomy":"product_cat","embeddable":true,"href":"https:\/\/procomed.ch\/en\/wp-json\/wp\/v2\/product_cat?post=393"},{"taxonomy":"product_tag","embeddable":true,"href":"https:\/\/procomed.ch\/en\/wp-json\/wp\/v2\/product_tag?post=393"}],"curies":[{"name":"wp","href":"https:\/\/api.w.org\/{rel}","templated":true}]}}