{"id":366,"date":"2016-08-08T13:51:36","date_gmt":"2016-08-08T12:51:36","guid":{"rendered":"https:\/\/procomed.ch\/?post_type=product&#038;p=366"},"modified":"2017-04-26T15:54:32","modified_gmt":"2017-04-26T14:54:32","slug":"masques-dentaires-a-lanieres-blancs-ref-2330","status":"publish","type":"product","link":"https:\/\/procomed.ch\/en\/produit\/masques-dentaires-a-lanieres-blancs-ref-2330\/","title":{"rendered":"Masques dentaires \u00e0 lani\u00e8res blancs, R\u00e9f 2330"},"content":{"rendered":"<p>Masques dentaires \u00e0 lani\u00e8res blancs pour peaux sensibles, haute filtration, 3 plis.<br \/>\n<strong><br \/>\nCond. : <\/strong>Carton de 6 bo\u00eetes de 50 pi\u00e8ces<br \/>\n<strong>Le prix <\/strong>varie en fonction des quantit\u00e9s command\u00e9es.<\/p>\n","protected":false},"excerpt":{"rendered":"<p><strong>R\u00e9f :<\/strong> 2330<br \/>\nMasques dentaires \u00e0 lani\u00e8res blancs pour peaux sensibles, haute filtration, 3 plis, Cardinal<br \/>\n<strong>Taille :<\/strong> &#8211;<br \/>\n<strong>Cond. :<\/strong> Bo\u00eete de 50 pi\u00e8ces<br \/>\nLe prix varie en fonction des quantit\u00e9s command\u00e9es.<\/p>\n","protected":false},"featured_media":1673,"comment_status":"open","ping_status":"closed","template":"","meta":{"_mi_skip_tracking":false},"product_cat":[6,35],"product_tag":[],"_links":{"self":[{"href":"https:\/\/procomed.ch\/en\/wp-json\/wp\/v2\/product\/366"}],"collection":[{"href":"https:\/\/procomed.ch\/en\/wp-json\/wp\/v2\/product"}],"about":[{"href":"https:\/\/procomed.ch\/en\/wp-json\/wp\/v2\/types\/product"}],"replies":[{"embeddable":true,"href":"https:\/\/procomed.ch\/en\/wp-json\/wp\/v2\/comments?post=366"}],"wp:featuredmedia":[{"embeddable":true,"href":"https:\/\/procomed.ch\/en\/wp-json\/wp\/v2\/media\/1673"}],"wp:attachment":[{"href":"https:\/\/procomed.ch\/en\/wp-json\/wp\/v2\/media?parent=366"}],"wp:term":[{"taxonomy":"product_cat","embeddable":true,"href":"https:\/\/procomed.ch\/en\/wp-json\/wp\/v2\/product_cat?post=366"},{"taxonomy":"product_tag","embeddable":true,"href":"https:\/\/procomed.ch\/en\/wp-json\/wp\/v2\/product_tag?post=366"}],"curies":[{"name":"wp","href":"https:\/\/api.w.org\/{rel}","templated":true}]}}