{"id":365,"date":"2016-08-08T13:50:11","date_gmt":"2016-08-08T12:50:11","guid":{"rendered":"https:\/\/procomed.ch\/?post_type=product&#038;p=365"},"modified":"2017-04-26T15:49:04","modified_gmt":"2017-04-26T14:49:04","slug":"masques-dentaires-a-lanieres-bleus-ref-2326","status":"publish","type":"product","link":"https:\/\/procomed.ch\/en\/produit\/masques-dentaires-a-lanieres-bleus-ref-2326\/","title":{"rendered":"Masques dentaires \u00e0 lani\u00e8res bleus, R\u00e9f 2326"},"content":{"rendered":"<p>Masques dentaires \u00e0 lani\u00e8res bleus, haute filtration, 3 plis.<\/p>\n<p><strong><br \/>\nCond. : <\/strong>Carton de 6 bo\u00eetes de 50 masques (d\u00e9conditionnable)<br \/>\n<strong>Le prix <\/strong>varie en fonction des quantit\u00e9s command\u00e9es.<\/p>\n","protected":false},"excerpt":{"rendered":"<p>Masques dentaires \u00e0 lani\u00e8res bleus, haute filtration, 3 plis. Cond. : Carton de 6 bo\u00eetes de 50 masques (d\u00e9conditionnable) Le prix varie en fonction des quantit\u00e9s command\u00e9es.<\/p>\n","protected":false},"featured_media":1672,"comment_status":"open","ping_status":"closed","template":"","meta":{"_mi_skip_tracking":false},"product_cat":[6,35],"product_tag":[],"_links":{"self":[{"href":"https:\/\/procomed.ch\/en\/wp-json\/wp\/v2\/product\/365"}],"collection":[{"href":"https:\/\/procomed.ch\/en\/wp-json\/wp\/v2\/product"}],"about":[{"href":"https:\/\/procomed.ch\/en\/wp-json\/wp\/v2\/types\/product"}],"replies":[{"embeddable":true,"href":"https:\/\/procomed.ch\/en\/wp-json\/wp\/v2\/comments?post=365"}],"wp:featuredmedia":[{"embeddable":true,"href":"https:\/\/procomed.ch\/en\/wp-json\/wp\/v2\/media\/1672"}],"wp:attachment":[{"href":"https:\/\/procomed.ch\/en\/wp-json\/wp\/v2\/media?parent=365"}],"wp:term":[{"taxonomy":"product_cat","embeddable":true,"href":"https:\/\/procomed.ch\/en\/wp-json\/wp\/v2\/product_cat?post=365"},{"taxonomy":"product_tag","embeddable":true,"href":"https:\/\/procomed.ch\/en\/wp-json\/wp\/v2\/product_tag?post=365"}],"curies":[{"name":"wp","href":"https:\/\/api.w.org\/{rel}","templated":true}]}}