{"id":358,"date":"2016-08-08T13:43:41","date_gmt":"2016-08-08T12:43:41","guid":{"rendered":"https:\/\/procomed.ch\/?post_type=product&#038;p=358"},"modified":"2017-04-26T16:00:14","modified_gmt":"2017-04-26T15:00:14","slug":"masques-dentaires-a-lanieres-verts","status":"publish","type":"product","link":"https:\/\/procomed.ch\/en\/produit\/masques-dentaires-a-lanieres-verts\/","title":{"rendered":"Masque dentaire \u00e0 lani\u00e8re vert"},"content":{"rendered":"<p>Masques dentaires \u00e0 lani\u00e8res verts, haute filtration, 3 plis.<\/p>\n<p><strong><br \/>\nCond. : <\/strong>Carton de 6 bo\u00eetes de 50 masques (d\u00e9conditionnable)<br \/>\n<strong>Le prix <\/strong>varie en fonction des quantit\u00e9s command\u00e9es.<\/p>\n","protected":false},"excerpt":{"rendered":"<p><strong>R\u00e9f :<\/strong> 2329<br \/>\nMasques dentaires \u00e0 lani\u00e8res verts, haute filtration, 3 plis, Cardinal<br \/>\n<strong>Taille :<\/strong> &#8211;<br \/>\n<strong>Cond. :<\/strong> Carton de 6 bo\u00eetes de 50 masques<br \/>\nLe prix varie en fonction des quantit\u00e9s command\u00e9es.<\/p>\n","protected":false},"featured_media":1656,"comment_status":"open","ping_status":"closed","template":"","meta":{"_mi_skip_tracking":false},"product_cat":[6,35],"product_tag":[],"_links":{"self":[{"href":"https:\/\/procomed.ch\/en\/wp-json\/wp\/v2\/product\/358"}],"collection":[{"href":"https:\/\/procomed.ch\/en\/wp-json\/wp\/v2\/product"}],"about":[{"href":"https:\/\/procomed.ch\/en\/wp-json\/wp\/v2\/types\/product"}],"replies":[{"embeddable":true,"href":"https:\/\/procomed.ch\/en\/wp-json\/wp\/v2\/comments?post=358"}],"wp:featuredmedia":[{"embeddable":true,"href":"https:\/\/procomed.ch\/en\/wp-json\/wp\/v2\/media\/1656"}],"wp:attachment":[{"href":"https:\/\/procomed.ch\/en\/wp-json\/wp\/v2\/media?parent=358"}],"wp:term":[{"taxonomy":"product_cat","embeddable":true,"href":"https:\/\/procomed.ch\/en\/wp-json\/wp\/v2\/product_cat?post=358"},{"taxonomy":"product_tag","embeddable":true,"href":"https:\/\/procomed.ch\/en\/wp-json\/wp\/v2\/product_tag?post=358"}],"curies":[{"name":"wp","href":"https:\/\/api.w.org\/{rel}","templated":true}]}}