{"id":327,"date":"2016-08-08T13:10:49","date_gmt":"2016-08-08T12:10:49","guid":{"rendered":"https:\/\/procomed.ch\/?post_type=product&#038;p=327"},"modified":"2017-04-27T11:06:02","modified_gmt":"2017-04-27T10:06:02","slug":"housse-tetiere","status":"publish","type":"product","link":"https:\/\/procomed.ch\/en\/produit\/housse-tetiere\/","title":{"rendered":"Housse t\u00e9ti\u00e8re."},"content":{"rendered":"<p>Housse t\u00eati\u00e8re.<br \/>\n1 pli papier + 1 pli plastifi\u00e9,<br \/>\nblanche, bleue, verte, rose, ou jaune, au choix, sur commande<\/p>\n<p><strong>Taille :\u00a0 <\/strong>25 x 33 cm &#8211; <strong><br \/>\nCond. :\u00a0 <\/strong>Carton de 500 pi\u00e8ces.<br \/>\n<strong>Le prix\u00a0 <\/strong>varie en fonction des quantit\u00e9s command\u00e9es.<\/p>\n","protected":false},"excerpt":{"rendered":"<p>Housse t\u00eati\u00e8re. 1 pli papier + 1 pli plastifi\u00e9, blanche, bleue, verte, rose, ou jaune, au choix, sur commande Taille :\u00a0 25 x 33 cm &#8211; Cond. :\u00a0 Carton de 500 pi\u00e8ces. Le prix\u00a0 varie en fonction des quantit\u00e9s command\u00e9es.<\/p>\n","protected":false},"featured_media":1685,"comment_status":"open","ping_status":"closed","template":"","meta":{"_mi_skip_tracking":false},"product_cat":[6,30],"product_tag":[],"_links":{"self":[{"href":"https:\/\/procomed.ch\/en\/wp-json\/wp\/v2\/product\/327"}],"collection":[{"href":"https:\/\/procomed.ch\/en\/wp-json\/wp\/v2\/product"}],"about":[{"href":"https:\/\/procomed.ch\/en\/wp-json\/wp\/v2\/types\/product"}],"replies":[{"embeddable":true,"href":"https:\/\/procomed.ch\/en\/wp-json\/wp\/v2\/comments?post=327"}],"wp:featuredmedia":[{"embeddable":true,"href":"https:\/\/procomed.ch\/en\/wp-json\/wp\/v2\/media\/1685"}],"wp:attachment":[{"href":"https:\/\/procomed.ch\/en\/wp-json\/wp\/v2\/media?parent=327"}],"wp:term":[{"taxonomy":"product_cat","embeddable":true,"href":"https:\/\/procomed.ch\/en\/wp-json\/wp\/v2\/product_cat?post=327"},{"taxonomy":"product_tag","embeddable":true,"href":"https:\/\/procomed.ch\/en\/wp-json\/wp\/v2\/product_tag?post=327"}],"curies":[{"name":"wp","href":"https:\/\/api.w.org\/{rel}","templated":true}]}}