{"id":319,"date":"2016-08-08T13:04:39","date_gmt":"2016-08-08T12:04:39","guid":{"rendered":"https:\/\/procomed.ch\/?post_type=product&#038;p=319"},"modified":"2017-04-27T11:19:20","modified_gmt":"2017-04-27T10:19:20","slug":"rouleau-de-bavoirs-plastifies","status":"publish","type":"product","link":"https:\/\/procomed.ch\/en\/produit\/rouleau-de-bavoirs-plastifies\/","title":{"rendered":"Rouleau de bavoirs plastifi\u00e9s"},"content":{"rendered":"<p>Rouleau de bavoirs plastifi\u00e9s pr\u00e9d\u00e9coup\u00e9s.<\/p>\n<p><strong>Taille : <\/strong>61 x 53 cm<strong><br \/>\nCond. :\u00a0 <\/strong>Carton de 6 rouleaux \u00a0de 80 pi\u00e8ces, avec distributeur<br \/>\n<strong>Le prix\u00a0 <\/strong>varie en fonction des quantit\u00e9s command\u00e9es.<\/p>\n","protected":false},"excerpt":{"rendered":"<p>Rouleau de bavoirs plastifi\u00e9s pr\u00e9d\u00e9coup\u00e9s. Taille : 61 x 53 cm Cond. :\u00a0 Carton de 6 rouleaux \u00a0de 80 pi\u00e8ces, avec distributeur Le prix\u00a0 varie en fonction des quantit\u00e9s command\u00e9es.<\/p>\n","protected":false},"featured_media":1689,"comment_status":"open","ping_status":"closed","template":"","meta":{"_mi_skip_tracking":false},"product_cat":[6,30],"product_tag":[],"_links":{"self":[{"href":"https:\/\/procomed.ch\/en\/wp-json\/wp\/v2\/product\/319"}],"collection":[{"href":"https:\/\/procomed.ch\/en\/wp-json\/wp\/v2\/product"}],"about":[{"href":"https:\/\/procomed.ch\/en\/wp-json\/wp\/v2\/types\/product"}],"replies":[{"embeddable":true,"href":"https:\/\/procomed.ch\/en\/wp-json\/wp\/v2\/comments?post=319"}],"wp:featuredmedia":[{"embeddable":true,"href":"https:\/\/procomed.ch\/en\/wp-json\/wp\/v2\/media\/1689"}],"wp:attachment":[{"href":"https:\/\/procomed.ch\/en\/wp-json\/wp\/v2\/media?parent=319"}],"wp:term":[{"taxonomy":"product_cat","embeddable":true,"href":"https:\/\/procomed.ch\/en\/wp-json\/wp\/v2\/product_cat?post=319"},{"taxonomy":"product_tag","embeddable":true,"href":"https:\/\/procomed.ch\/en\/wp-json\/wp\/v2\/product_tag?post=319"}],"curies":[{"name":"wp","href":"https:\/\/api.w.org\/{rel}","templated":true}]}}