{"id":181,"date":"2016-04-07T12:14:56","date_gmt":"2016-04-07T11:14:56","guid":{"rendered":"https:\/\/procomed.ch\/?post_type=product&#038;p=181"},"modified":"2022-11-11T09:53:09","modified_gmt":"2022-11-11T08:53:09","slug":"drap-dexamen-de-luxe","status":"publish","type":"product","link":"https:\/\/procomed.ch\/en\/produit\/drap-dexamen-de-luxe\/","title":{"rendered":"DRAP D&#8217;EXAMEN DE LUXE, 50 cm \/ 80 m"},"content":{"rendered":"<p>Drap pour table d\u2019examen de luxe, 2 plis blanc pure ouate, micro-gaufr\u00e9.<br \/>\nPr\u00e9d\u00e9coupe tous les\u00a038 cm.<\/p>\n<p><strong>Taille :\u00a0 <\/strong>Largeurs\u00a050 cm x\u00a0<strong>80 m<br \/>\nCond. :\u00a0 <\/strong>Carton de\u00a06 rouleaux<br \/>\n<strong>Le prix\u00a0 <\/strong>varie en fonction des quantit\u00e9s command\u00e9es.<\/p>\n","protected":false},"excerpt":{"rendered":"<p><strong>R\u00e9f : <\/strong>1014<br \/>\nDrap pour table d&#8217;examen de luxe, 2 plis, blanc pure ouate, avec pr\u00e9-d\u00e9coupe \u00e0 40 cm.<br \/>\nLongueur du rouleau : 80 m\u00e8tres<br \/>\n<strong>Taille : <\/strong>Largeur : 50 cm &#8211; <strong><br \/>\nCond. : <\/strong>Carton de 9 rouleaux<br \/>\n<strong>Le prix <\/strong>varie en fonction des quantit\u00e9s command\u00e9es.<\/p>\n","protected":false},"featured_media":1480,"comment_status":"open","ping_status":"closed","template":"","meta":{"_mi_skip_tracking":false},"product_cat":[43],"product_tag":[],"_links":{"self":[{"href":"https:\/\/procomed.ch\/en\/wp-json\/wp\/v2\/product\/181"}],"collection":[{"href":"https:\/\/procomed.ch\/en\/wp-json\/wp\/v2\/product"}],"about":[{"href":"https:\/\/procomed.ch\/en\/wp-json\/wp\/v2\/types\/product"}],"replies":[{"embeddable":true,"href":"https:\/\/procomed.ch\/en\/wp-json\/wp\/v2\/comments?post=181"}],"wp:featuredmedia":[{"embeddable":true,"href":"https:\/\/procomed.ch\/en\/wp-json\/wp\/v2\/media\/1480"}],"wp:attachment":[{"href":"https:\/\/procomed.ch\/en\/wp-json\/wp\/v2\/media?parent=181"}],"wp:term":[{"taxonomy":"product_cat","embeddable":true,"href":"https:\/\/procomed.ch\/en\/wp-json\/wp\/v2\/product_cat?post=181"},{"taxonomy":"product_tag","embeddable":true,"href":"https:\/\/procomed.ch\/en\/wp-json\/wp\/v2\/product_tag?post=181"}],"curies":[{"name":"wp","href":"https:\/\/api.w.org\/{rel}","templated":true}]}}