{"id":1676,"date":"2017-04-26T16:07:18","date_gmt":"2017-04-26T15:07:18","guid":{"rendered":"https:\/\/procomed.ch\/?post_type=product&#038;p=1676"},"modified":"2022-11-11T09:51:53","modified_gmt":"2022-11-11T08:51:53","slug":"masque-dentaire-a-elastique-blanc","status":"publish","type":"product","link":"https:\/\/procomed.ch\/en\/produit\/masque-dentaire-a-elastique-blanc\/","title":{"rendered":"Masque dentaire \u00e0 \u00e9lastique blanc"},"content":{"rendered":"<p>Masques dentaires \u00e0 \u00e9lastiques blanc, haute filtration, 3 plis.<\/p>\n<p><strong><br \/>\nCond. : \u00a0<\/strong>Bo\u00eetes de 50 masques<br \/>\n<strong>Le prix <\/strong>varie en fonction des quantit\u00e9s command\u00e9es.<\/p>\n","protected":false},"excerpt":{"rendered":"<p>Masques dentaires \u00e0 \u00e9lastiques blanc, haute filtration, 3 plis. Cond. : \u00a0Bo\u00eetes de 50 masques Le prix varie en fonction des quantit\u00e9s command\u00e9es.<\/p>\n","protected":false},"featured_media":1671,"comment_status":"open","ping_status":"closed","template":"","meta":{"_mi_skip_tracking":false},"product_cat":[6,35],"product_tag":[],"_links":{"self":[{"href":"https:\/\/procomed.ch\/en\/wp-json\/wp\/v2\/product\/1676"}],"collection":[{"href":"https:\/\/procomed.ch\/en\/wp-json\/wp\/v2\/product"}],"about":[{"href":"https:\/\/procomed.ch\/en\/wp-json\/wp\/v2\/types\/product"}],"replies":[{"embeddable":true,"href":"https:\/\/procomed.ch\/en\/wp-json\/wp\/v2\/comments?post=1676"}],"wp:featuredmedia":[{"embeddable":true,"href":"https:\/\/procomed.ch\/en\/wp-json\/wp\/v2\/media\/1671"}],"wp:attachment":[{"href":"https:\/\/procomed.ch\/en\/wp-json\/wp\/v2\/media?parent=1676"}],"wp:term":[{"taxonomy":"product_cat","embeddable":true,"href":"https:\/\/procomed.ch\/en\/wp-json\/wp\/v2\/product_cat?post=1676"},{"taxonomy":"product_tag","embeddable":true,"href":"https:\/\/procomed.ch\/en\/wp-json\/wp\/v2\/product_tag?post=1676"}],"curies":[{"name":"wp","href":"https:\/\/api.w.org\/{rel}","templated":true}]}}