{"id":1621,"date":"2017-04-21T14:13:30","date_gmt":"2017-04-21T13:13:30","guid":{"rendered":"https:\/\/procomed.ch\/?post_type=product&#038;p=1621"},"modified":"2017-08-23T14:10:28","modified_gmt":"2017-08-23T13:10:28","slug":"table-dexamen-technique-c5535","status":"publish","type":"product","link":"https:\/\/procomed.ch\/en\/produit\/table-dexamen-technique-c5535\/","title":{"rendered":"Table d&#8217;examen technique C5535"},"content":{"rendered":"<p><\/p>\n<div class=\"ugs_xt\">\n<div class=\"in_ugs_xt\">R\u00e9f associ\u00e9es : C5946 \/ C7946 \/ C5546 \/ C7546 \/ C5746 \/ C7746)<\/div>\n<\/div>\n<p>Table technique Ecopostural, 2 plans, \u00e0 hauteur variable \u00e9lectrique, par syst\u00e8me p\u00e9riph\u00e9rique (existe en version hydraulique : C5735 \/ C7735).<br \/>\nT\u00eati\u00e8re r\u00e9glable par v\u00e9rin \u00e0 gaz.<br \/>\nAppui-bras \/ manette \u00e0 la t\u00eati\u00e8re.<br \/>\nRoulettes escamotables, porte rouleau, trou de t\u00eate (plusieurs versions possibles)<br \/>\nCh\u00e2ssis blanc ou gris m\u00e9tal<br \/>\nCapacit\u00e9 de 175\u00a0kg \u00e0 250 kg suivant mod\u00e8le<\/p>\n<p>Contacter un de nos conseillers pour de plus amples renseignements ou un devis personnalis\u00e9.<br \/>\n<strong>Taille : \u00a0<\/strong>50 x 188 cm (M14)<br \/>\n<strong>Le prix\u00a0 <\/strong>varie en fonction des quantit\u00e9s command\u00e9es.<\/p>","protected":false},"excerpt":{"rendered":"<p>R\u00e9f associ\u00e9es : C5946 \/ C7946 \/ C5546 \/ C7546 \/ C5746 \/ C7746) Table technique Ecopostural, 2 plans, \u00e0 hauteur variable \u00e9lectrique, par syst\u00e8me p\u00e9riph\u00e9rique (existe en version hydraulique : C5735 \/ C7735). T\u00eati\u00e8re r\u00e9glable par v\u00e9rin \u00e0 gaz. Appui-bras \/ manette \u00e0 la t\u00eati\u00e8re. Roulettes escamotables, porte rouleau, trou de t\u00eate (plusieurs versions [&hellip;]<\/p>\n","protected":false},"featured_media":1622,"comment_status":"open","ping_status":"closed","template":"","meta":{"_mi_skip_tracking":false},"product_cat":[76,23],"product_tag":[],"_links":{"self":[{"href":"https:\/\/procomed.ch\/en\/wp-json\/wp\/v2\/product\/1621"}],"collection":[{"href":"https:\/\/procomed.ch\/en\/wp-json\/wp\/v2\/product"}],"about":[{"href":"https:\/\/procomed.ch\/en\/wp-json\/wp\/v2\/types\/product"}],"replies":[{"embeddable":true,"href":"https:\/\/procomed.ch\/en\/wp-json\/wp\/v2\/comments?post=1621"}],"wp:featuredmedia":[{"embeddable":true,"href":"https:\/\/procomed.ch\/en\/wp-json\/wp\/v2\/media\/1622"}],"wp:attachment":[{"href":"https:\/\/procomed.ch\/en\/wp-json\/wp\/v2\/media?parent=1621"}],"wp:term":[{"taxonomy":"product_cat","embeddable":true,"href":"https:\/\/procomed.ch\/en\/wp-json\/wp\/v2\/product_cat?post=1621"},{"taxonomy":"product_tag","embeddable":true,"href":"https:\/\/procomed.ch\/en\/wp-json\/wp\/v2\/product_tag?post=1621"}],"curies":[{"name":"wp","href":"https:\/\/api.w.org\/{rel}","templated":true}]}}