{"id":1589,"date":"2017-04-20T15:45:35","date_gmt":"2017-04-20T14:45:35","guid":{"rendered":"https:\/\/procomed.ch\/?post_type=product&#038;p=1589"},"modified":"2018-05-09T11:13:35","modified_gmt":"2018-05-09T10:13:35","slug":"gants-chirurgicaux-steriles-protexis-pi-taille-7","status":"publish","type":"product","link":"https:\/\/procomed.ch\/en\/produit\/gants-chirurgicaux-steriles-protexis-pi-taille-7\/","title":{"rendered":"Gants chirurgicaux st\u00e9riles, Protexis PI, taille 7"},"content":{"rendered":"<p>Gants chirurgicaux st\u00e9riles, en polyisopr\u00e8ne sans latex et non\u00a0poudr\u00e9s, Protexis PI.<br \/>\nRev\u00eatement\u00a0int\u00e9rieure\u00a0en silicone.<br \/>\n\u00c9paisseur standard, grip\u00a0lisse<br \/>\nCouleur cr\u00e8me.<\/p>\n<p>&nbsp;<br \/>\n<strong>Taille : <\/strong>7<strong><br \/>\nCond. : <\/strong>Carton de 4 bo\u00eetes de 50 paires (200 paires)<br \/>\n<strong>Le prix <\/strong>varie en fonction des quantit\u00e9s command\u00e9es.<\/p>","protected":false},"excerpt":{"rendered":"<p>Gants chirurgicaux st\u00e9riles, en polyisopr\u00e8ne sans latex et non\u00a0poudr\u00e9s, Protexis PI. Rev\u00eatement\u00a0int\u00e9rieure\u00a0en silicone. \u00c9paisseur standard, grip\u00a0lisse Couleur cr\u00e8me. &nbsp; Taille : 7 Cond. : Carton de 4 bo\u00eetes de 50 paires (200 paires) Le prix varie en fonction des quantit\u00e9s command\u00e9es.<\/p>\n","protected":false},"featured_media":2047,"comment_status":"open","ping_status":"closed","template":"","meta":{"_mi_skip_tracking":false},"product_cat":[13,57],"product_tag":[],"_links":{"self":[{"href":"https:\/\/procomed.ch\/en\/wp-json\/wp\/v2\/product\/1589"}],"collection":[{"href":"https:\/\/procomed.ch\/en\/wp-json\/wp\/v2\/product"}],"about":[{"href":"https:\/\/procomed.ch\/en\/wp-json\/wp\/v2\/types\/product"}],"replies":[{"embeddable":true,"href":"https:\/\/procomed.ch\/en\/wp-json\/wp\/v2\/comments?post=1589"}],"wp:featuredmedia":[{"embeddable":true,"href":"https:\/\/procomed.ch\/en\/wp-json\/wp\/v2\/media\/2047"}],"wp:attachment":[{"href":"https:\/\/procomed.ch\/en\/wp-json\/wp\/v2\/media?parent=1589"}],"wp:term":[{"taxonomy":"product_cat","embeddable":true,"href":"https:\/\/procomed.ch\/en\/wp-json\/wp\/v2\/product_cat?post=1589"},{"taxonomy":"product_tag","embeddable":true,"href":"https:\/\/procomed.ch\/en\/wp-json\/wp\/v2\/product_tag?post=1589"}],"curies":[{"name":"wp","href":"https:\/\/api.w.org\/{rel}","templated":true}]}}