{"id":1577,"date":"2017-04-20T13:30:35","date_gmt":"2017-04-20T12:30:35","guid":{"rendered":"https:\/\/procomed.ch\/?post_type=product&#038;p=1577"},"modified":"2018-05-09T15:16:35","modified_gmt":"2018-05-09T14:16:35","slug":"gants-chirurgicaux-steriles-latex-non-poudres-protexis-latex-micro-taille-85","status":"publish","type":"product","link":"https:\/\/procomed.ch\/en\/produit\/gants-chirurgicaux-steriles-latex-non-poudres-protexis-latex-micro-taille-85\/","title":{"rendered":"Gants chirurgicaux, Protexis Latex Micro, taille 8,5"},"content":{"rendered":"<p>Gants chirurgicaux st\u00e9riles, latex non poudr\u00e9s, Protexis Latex Micro.<br \/>\nRev\u00eatement\u00a0int\u00e9rieure nitrile.<br \/>\n\u00c9paisseur micro, grip doux pour une pr\u00e9hension des instruments pr\u00e9cise.<br \/>\nCouleur brune.<\/p>\n<p>&nbsp;<br \/>\n<strong>Taille :<\/strong>\u00a08,5<strong><br \/>\nCond. : <\/strong>Bo\u00eete de 50 paires<br \/>\n<strong>Le prix <\/strong>varie en fonction des quantit\u00e9s command\u00e9es.<\/p>","protected":false},"excerpt":{"rendered":"<p>Gants chirurgicaux st\u00e9riles, latex non poudr\u00e9s, Protexis Latex Micro. Rev\u00eatement\u00a0int\u00e9rieure nitrile. \u00c9paisseur micro, grip doux pour une pr\u00e9hension des instruments pr\u00e9cise. Couleur brune. &nbsp; Taille :\u00a08,5 Cond. : Bo\u00eete de 50 paires Le prix varie en fonction des quantit\u00e9s command\u00e9es.<\/p>\n","protected":false},"featured_media":2049,"comment_status":"open","ping_status":"closed","template":"","meta":{"_mi_skip_tracking":false},"product_cat":[13,54],"product_tag":[],"_links":{"self":[{"href":"https:\/\/procomed.ch\/en\/wp-json\/wp\/v2\/product\/1577"}],"collection":[{"href":"https:\/\/procomed.ch\/en\/wp-json\/wp\/v2\/product"}],"about":[{"href":"https:\/\/procomed.ch\/en\/wp-json\/wp\/v2\/types\/product"}],"replies":[{"embeddable":true,"href":"https:\/\/procomed.ch\/en\/wp-json\/wp\/v2\/comments?post=1577"}],"wp:featuredmedia":[{"embeddable":true,"href":"https:\/\/procomed.ch\/en\/wp-json\/wp\/v2\/media\/2049"}],"wp:attachment":[{"href":"https:\/\/procomed.ch\/en\/wp-json\/wp\/v2\/media?parent=1577"}],"wp:term":[{"taxonomy":"product_cat","embeddable":true,"href":"https:\/\/procomed.ch\/en\/wp-json\/wp\/v2\/product_cat?post=1577"},{"taxonomy":"product_tag","embeddable":true,"href":"https:\/\/procomed.ch\/en\/wp-json\/wp\/v2\/product_tag?post=1577"}],"curies":[{"name":"wp","href":"https:\/\/api.w.org\/{rel}","templated":true}]}}