{"id":1535,"date":"2017-04-19T10:55:55","date_gmt":"2017-04-19T09:55:55","guid":{"rendered":"https:\/\/procomed.ch\/?post_type=product&#038;p=1535"},"modified":"2017-04-19T10:56:10","modified_gmt":"2017-04-19T09:56:10","slug":"gant-vinyle-non-poudre-curad-3g-taille-l","status":"publish","type":"product","link":"https:\/\/procomed.ch\/en\/produit\/gant-vinyle-non-poudre-curad-3g-taille-l\/","title":{"rendered":"gant vinyle non poudr\u00e9, Curad 3G, taille L"},"content":{"rendered":"<p>Gant d\u2019examen\u00a0vinyle, non poudr\u00e9s, blanc, \u00e9lastique, Curad 3G.<br \/>\nGant ambidextre hypoallerg\u00e9nique avec manchette \u00e0 bord roul\u00e9.<br \/>\nG\u00e9n\u00e9ration de gant vinyle \u00e9lastique avec\u00a0des r\u00e9sines de PVC doux visant \u00e0 assouplir et renforcer le gant. Il offre solidit\u00e9, confort avec un meilleur ajustement pour plus de sensation et de performance.<br \/>\nCertifi\u00e9 EPI.<\/p>\n<p>&nbsp;<br \/>\n<strong>Taille : <\/strong>Large, 8\/9<strong><br \/>\nCond. : <\/strong>Carton de 10 x 100 gts<br \/>\n<strong>Le prix\u00a0<\/strong>varie en fonction des quantit\u00e9s command\u00e9es.<\/p>\n","protected":false},"excerpt":{"rendered":"<p>Gant d\u2019examen\u00a0vinyle, non poudr\u00e9s, blanc, \u00e9lastique, Curad 3G. Gant ambidextre hypoallerg\u00e9nique avec manchette \u00e0 bord roul\u00e9. G\u00e9n\u00e9ration de gant vinyle \u00e9lastique avec\u00a0des r\u00e9sines de PVC doux visant \u00e0 assouplir et renforcer le gant. Il offre solidit\u00e9, confort avec un meilleur ajustement pour plus de sensation et de performance. Certifi\u00e9 EPI. &nbsp; Taille : Large, 8\/9 [&hellip;]<\/p>\n","protected":false},"featured_media":1533,"comment_status":"open","ping_status":"closed","template":"","meta":{"_mi_skip_tracking":false},"product_cat":[13,58],"product_tag":[],"_links":{"self":[{"href":"https:\/\/procomed.ch\/en\/wp-json\/wp\/v2\/product\/1535"}],"collection":[{"href":"https:\/\/procomed.ch\/en\/wp-json\/wp\/v2\/product"}],"about":[{"href":"https:\/\/procomed.ch\/en\/wp-json\/wp\/v2\/types\/product"}],"replies":[{"embeddable":true,"href":"https:\/\/procomed.ch\/en\/wp-json\/wp\/v2\/comments?post=1535"}],"wp:featuredmedia":[{"embeddable":true,"href":"https:\/\/procomed.ch\/en\/wp-json\/wp\/v2\/media\/1533"}],"wp:attachment":[{"href":"https:\/\/procomed.ch\/en\/wp-json\/wp\/v2\/media?parent=1535"}],"wp:term":[{"taxonomy":"product_cat","embeddable":true,"href":"https:\/\/procomed.ch\/en\/wp-json\/wp\/v2\/product_cat?post=1535"},{"taxonomy":"product_tag","embeddable":true,"href":"https:\/\/procomed.ch\/en\/wp-json\/wp\/v2\/product_tag?post=1535"}],"curies":[{"name":"wp","href":"https:\/\/api.w.org\/{rel}","templated":true}]}}