{"id":1495,"date":"2017-04-18T15:27:31","date_gmt":"2017-04-18T14:27:31","guid":{"rendered":"https:\/\/procomed.ch\/?post_type=product&#038;p=1495"},"modified":"2017-04-18T15:27:40","modified_gmt":"2017-04-18T14:27:40","slug":"gant-p-e-transparent-femme","status":"publish","type":"product","link":"https:\/\/procomed.ch\/en\/produit\/gant-p-e-transparent-femme\/","title":{"rendered":"Gant P.E. transparent, femme"},"content":{"rendered":"<p>Gant P.E. transparent, martel\u00e9.<\/p>\n<p>&nbsp;<br \/>\n<strong>Taille : <\/strong>Femme<strong><br \/>\nCond. : <\/strong>Boite de 10 pochettes de 100 gants<br \/>\n<strong>Le prix <\/strong>varie en fonction des quantit\u00e9s command\u00e9es.<\/p>\n","protected":false},"excerpt":{"rendered":"<p>Gant P.E. transparent, martel\u00e9. &nbsp; Taille : Femme Cond. : Boite de 10 pochettes de 100 gants Le prix varie en fonction des quantit\u00e9s command\u00e9es.<\/p>\n","protected":false},"featured_media":1493,"comment_status":"open","ping_status":"closed","template":"","meta":{"_mi_skip_tracking":false},"product_cat":[13,56],"product_tag":[],"_links":{"self":[{"href":"https:\/\/procomed.ch\/en\/wp-json\/wp\/v2\/product\/1495"}],"collection":[{"href":"https:\/\/procomed.ch\/en\/wp-json\/wp\/v2\/product"}],"about":[{"href":"https:\/\/procomed.ch\/en\/wp-json\/wp\/v2\/types\/product"}],"replies":[{"embeddable":true,"href":"https:\/\/procomed.ch\/en\/wp-json\/wp\/v2\/comments?post=1495"}],"wp:featuredmedia":[{"embeddable":true,"href":"https:\/\/procomed.ch\/en\/wp-json\/wp\/v2\/media\/1493"}],"wp:attachment":[{"href":"https:\/\/procomed.ch\/en\/wp-json\/wp\/v2\/media?parent=1495"}],"wp:term":[{"taxonomy":"product_cat","embeddable":true,"href":"https:\/\/procomed.ch\/en\/wp-json\/wp\/v2\/product_cat?post=1495"},{"taxonomy":"product_tag","embeddable":true,"href":"https:\/\/procomed.ch\/en\/wp-json\/wp\/v2\/product_tag?post=1495"}],"curies":[{"name":"wp","href":"https:\/\/api.w.org\/{rel}","templated":true}]}}