{"id":1490,"date":"2017-04-18T10:09:13","date_gmt":"2017-04-18T09:09:13","guid":{"rendered":"https:\/\/procomed.ch\/?post_type=product&#038;p=1490"},"modified":"2017-04-18T10:09:13","modified_gmt":"2017-04-18T09:09:13","slug":"doigtier-2-doigts","status":"publish","type":"product","link":"https:\/\/procomed.ch\/en\/produit\/doigtier-2-doigts\/","title":{"rendered":"Doigtier 2 doigts"},"content":{"rendered":"<p>Doigtier poly\u00e9thyl\u00e8ne, 2 doigts, st\u00e9rile.<\/p>\n<p>&nbsp;<\/p>\n<p><strong>Taille : <\/strong>U<strong>nique<\/strong><strong><br \/>\nCond. :<\/strong> Sachet de 100 pi\u00e8ces (sur commande)<br \/>\n<strong>Le prix <\/strong>varie en fonction des quantit\u00e9s command\u00e9es.<\/p>\n","protected":false},"excerpt":{"rendered":"<p>Doigtier poly\u00e9thyl\u00e8ne, 2 doigts, st\u00e9rile. &nbsp; Taille : Unique Cond. : Sachet de 100 pi\u00e8ces (sur commande) Le prix varie en fonction des quantit\u00e9s command\u00e9es.<\/p>\n","protected":false},"featured_media":1491,"comment_status":"open","ping_status":"closed","template":"","meta":{"_mi_skip_tracking":false},"product_cat":[539,13],"product_tag":[],"_links":{"self":[{"href":"https:\/\/procomed.ch\/en\/wp-json\/wp\/v2\/product\/1490"}],"collection":[{"href":"https:\/\/procomed.ch\/en\/wp-json\/wp\/v2\/product"}],"about":[{"href":"https:\/\/procomed.ch\/en\/wp-json\/wp\/v2\/types\/product"}],"replies":[{"embeddable":true,"href":"https:\/\/procomed.ch\/en\/wp-json\/wp\/v2\/comments?post=1490"}],"wp:featuredmedia":[{"embeddable":true,"href":"https:\/\/procomed.ch\/en\/wp-json\/wp\/v2\/media\/1491"}],"wp:attachment":[{"href":"https:\/\/procomed.ch\/en\/wp-json\/wp\/v2\/media?parent=1490"}],"wp:term":[{"taxonomy":"product_cat","embeddable":true,"href":"https:\/\/procomed.ch\/en\/wp-json\/wp\/v2\/product_cat?post=1490"},{"taxonomy":"product_tag","embeddable":true,"href":"https:\/\/procomed.ch\/en\/wp-json\/wp\/v2\/product_tag?post=1490"}],"curies":[{"name":"wp","href":"https:\/\/api.w.org\/{rel}","templated":true}]}}