{"id":1473,"date":"2017-04-18T08:44:27","date_gmt":"2017-04-18T07:44:27","guid":{"rendered":"https:\/\/procomed.ch\/?post_type=product&#038;p=1473"},"modified":"2020-08-06T18:41:25","modified_gmt":"2020-08-06T16:41:25","slug":"drap-dexamen-de-luxe-46-cm","status":"publish","type":"product","link":"https:\/\/procomed.ch\/en\/produit\/drap-dexamen-de-luxe-46-cm\/","title":{"rendered":"Drap d&#8217;examen de luxe, 46 cm"},"content":{"rendered":"<p>Drap pour table d\u2019examen de luxe, 2 plis blanc pure ouate, micro-gaufr\u00e9.<br \/>\nPr\u00e9d\u00e9coupe tous les 40 cm.<\/p>\n<p>&nbsp;<\/p>\n<p><strong>Taille :\u00a0 <\/strong>Largeur 46 cm x 50 m\u00a0<strong><br \/>\nCond. :\u00a0 <\/strong>Carton de 9 rouleaux<br \/>\n<strong>Le prix\u00a0 <\/strong>varie en fonction des quantit\u00e9s command\u00e9es.<\/p>\n","protected":false},"excerpt":{"rendered":"<p>Drap pour table d\u2019examen de luxe, 2 plis blanc pure ouate, micro-gaufr\u00e9. Pr\u00e9d\u00e9coupe tous les 40 cm. &nbsp; Taille :\u00a0 Largeur 46 cm x 50 m\u00a0 Cond. :\u00a0 Carton de 9 rouleaux Le prix\u00a0 varie en fonction des quantit\u00e9s command\u00e9es.<\/p>\n","protected":false},"featured_media":3185,"comment_status":"open","ping_status":"closed","template":"","meta":{"_mi_skip_tracking":false},"product_cat":[43,17],"product_tag":[],"_links":{"self":[{"href":"https:\/\/procomed.ch\/en\/wp-json\/wp\/v2\/product\/1473"}],"collection":[{"href":"https:\/\/procomed.ch\/en\/wp-json\/wp\/v2\/product"}],"about":[{"href":"https:\/\/procomed.ch\/en\/wp-json\/wp\/v2\/types\/product"}],"replies":[{"embeddable":true,"href":"https:\/\/procomed.ch\/en\/wp-json\/wp\/v2\/comments?post=1473"}],"wp:featuredmedia":[{"embeddable":true,"href":"https:\/\/procomed.ch\/en\/wp-json\/wp\/v2\/media\/3185"}],"wp:attachment":[{"href":"https:\/\/procomed.ch\/en\/wp-json\/wp\/v2\/media?parent=1473"}],"wp:term":[{"taxonomy":"product_cat","embeddable":true,"href":"https:\/\/procomed.ch\/en\/wp-json\/wp\/v2\/product_cat?post=1473"},{"taxonomy":"product_tag","embeddable":true,"href":"https:\/\/procomed.ch\/en\/wp-json\/wp\/v2\/product_tag?post=1473"}],"curies":[{"name":"wp","href":"https:\/\/api.w.org\/{rel}","templated":true}]}}