{"id":1471,"date":"2017-04-13T15:42:56","date_gmt":"2017-04-13T14:42:56","guid":{"rendered":"https:\/\/procomed.ch\/?post_type=product&#038;p=1471"},"modified":"2024-12-20T13:09:06","modified_gmt":"2024-12-20T12:09:06","slug":"drap-dexamen-recycle-55-cm","status":"publish","type":"product","link":"https:\/\/procomed.ch\/en\/produit\/drap-dexamen-recycle-55-cm\/","title":{"rendered":"Drap d&#8217;examen recycl\u00e9, 55 cm"},"content":{"rendered":"<p>Drap pour table d&#8217;examen, cellulose recycl\u00e9, micro-gauffr\u00e9.<br \/>\nPr\u00e9d\u00e9coupe tous les 38 cm.<\/p>\n<p>&nbsp;<br \/>\n<strong>Taille :\u00a0 <\/strong>Largeur \u00a055 cm x 100 m\u00a0<strong><br \/>\nCond. :\u00a0 <\/strong>Carton de 6 rouleaux<br \/>\n<strong>Le prix\u00a0 <\/strong>varie en fonction des quantit\u00e9s command\u00e9es.<\/p>","protected":false},"excerpt":{"rendered":"<p>Drap pour table d&#8217;examen, cellulose recycl\u00e9, micro-gauffr\u00e9. Pr\u00e9d\u00e9coupe tous les 38 cm. &nbsp; Taille :\u00a0 Largeur \u00a055 cm x 100 m\u00a0 Cond. :\u00a0 Carton de 6 rouleaux Le prix\u00a0 varie en fonction des quantit\u00e9s command\u00e9es.<\/p>\n","protected":false},"featured_media":1469,"comment_status":"open","ping_status":"closed","template":"","meta":{"_mi_skip_tracking":false},"product_cat":[47,17],"product_tag":[],"_links":{"self":[{"href":"https:\/\/procomed.ch\/en\/wp-json\/wp\/v2\/product\/1471"}],"collection":[{"href":"https:\/\/procomed.ch\/en\/wp-json\/wp\/v2\/product"}],"about":[{"href":"https:\/\/procomed.ch\/en\/wp-json\/wp\/v2\/types\/product"}],"replies":[{"embeddable":true,"href":"https:\/\/procomed.ch\/en\/wp-json\/wp\/v2\/comments?post=1471"}],"wp:featuredmedia":[{"embeddable":true,"href":"https:\/\/procomed.ch\/en\/wp-json\/wp\/v2\/media\/1469"}],"wp:attachment":[{"href":"https:\/\/procomed.ch\/en\/wp-json\/wp\/v2\/media?parent=1471"}],"wp:term":[{"taxonomy":"product_cat","embeddable":true,"href":"https:\/\/procomed.ch\/en\/wp-json\/wp\/v2\/product_cat?post=1471"},{"taxonomy":"product_tag","embeddable":true,"href":"https:\/\/procomed.ch\/en\/wp-json\/wp\/v2\/product_tag?post=1471"}],"curies":[{"name":"wp","href":"https:\/\/api.w.org\/{rel}","templated":true}]}}