{"id":1459,"date":"2017-04-13T15:02:21","date_gmt":"2017-04-13T14:02:21","guid":{"rendered":"https:\/\/procomed.ch\/?post_type=product&#038;p=1459"},"modified":"2017-04-13T15:02:29","modified_gmt":"2017-04-13T14:02:29","slug":"drap-dexamen-non-tisse-plastifie-60-cm","status":"publish","type":"product","link":"https:\/\/procomed.ch\/en\/produit\/drap-dexamen-non-tisse-plastifie-60-cm\/","title":{"rendered":"Drap d&#8217;examen non tiss\u00e9 plastifi\u00e9, 60 cm"},"content":{"rendered":"<p>Drap pour table d&#8217;examen non tiss\u00e9 plastifi\u00e9 30 gr.<br \/>\nPr\u00e9d\u00e9coupe \u00e0 58 cm.<\/p>\n<p>&nbsp;<br \/>\n<strong>Taille :\u00a0 <\/strong>Largeur 60 cm x 100 m<strong><br \/>\nCond. :\u00a0 <\/strong>Carton de 6 rouleaux<br \/>\n<strong>Le prix\u00a0 <\/strong>varie en fonction des quantit\u00e9s command\u00e9es.<\/p>\n","protected":false},"excerpt":{"rendered":"<p>Drap pour table d&#8217;examen non tiss\u00e9 plastifi\u00e9 30 gr. Pr\u00e9d\u00e9coupe \u00e0 58 cm. &nbsp; Taille :\u00a0 Largeur 60 cm x 100 m Cond. :\u00a0 Carton de 6 rouleaux Le prix\u00a0 varie en fonction des quantit\u00e9s command\u00e9es.<\/p>\n","protected":false},"featured_media":1456,"comment_status":"open","ping_status":"closed","template":"","meta":{"_mi_skip_tracking":false},"product_cat":[45,17],"product_tag":[],"_links":{"self":[{"href":"https:\/\/procomed.ch\/en\/wp-json\/wp\/v2\/product\/1459"}],"collection":[{"href":"https:\/\/procomed.ch\/en\/wp-json\/wp\/v2\/product"}],"about":[{"href":"https:\/\/procomed.ch\/en\/wp-json\/wp\/v2\/types\/product"}],"replies":[{"embeddable":true,"href":"https:\/\/procomed.ch\/en\/wp-json\/wp\/v2\/comments?post=1459"}],"wp:featuredmedia":[{"embeddable":true,"href":"https:\/\/procomed.ch\/en\/wp-json\/wp\/v2\/media\/1456"}],"wp:attachment":[{"href":"https:\/\/procomed.ch\/en\/wp-json\/wp\/v2\/media?parent=1459"}],"wp:term":[{"taxonomy":"product_cat","embeddable":true,"href":"https:\/\/procomed.ch\/en\/wp-json\/wp\/v2\/product_cat?post=1459"},{"taxonomy":"product_tag","embeddable":true,"href":"https:\/\/procomed.ch\/en\/wp-json\/wp\/v2\/product_tag?post=1459"}],"curies":[{"name":"wp","href":"https:\/\/api.w.org\/{rel}","templated":true}]}}