{"id":1439,"date":"2017-04-13T10:54:56","date_gmt":"2017-04-13T09:54:56","guid":{"rendered":"https:\/\/procomed.ch\/?post_type=product&#038;p=1439"},"modified":"2017-04-13T11:00:22","modified_gmt":"2017-04-13T10:00:22","slug":"drap-dexamen-non-tisse-50-cm","status":"publish","type":"product","link":"https:\/\/procomed.ch\/en\/produit\/drap-dexamen-non-tisse-50-cm\/","title":{"rendered":"drap d&#8217;examen non tiss\u00e9, 50 cm"},"content":{"rendered":"<p>Drap pour table d&#8217;examen non tiss\u00e9, 30 gr.<br \/>\nPr\u00e9d\u00e9coupe \u00e0 58 cm.<\/p>\n<p><strong>Taille :\u00a0 <\/strong>Largeur\u00a050 cm x 100 m<strong><br \/>\nCond. :\u00a0 <\/strong>Carton de 3 rouleaux<br \/>\n<strong>Le prix\u00a0 <\/strong>varie en fonction des quantit\u00e9s command\u00e9es.<\/p>\n","protected":false},"excerpt":{"rendered":"<p>Drap pour table d&#8217;examen non tiss\u00e9, 30 gr. Pr\u00e9d\u00e9coupe \u00e0 58 cm. Taille :\u00a0 Largeur\u00a050 cm x 100 m Cond. :\u00a0 Carton de 3 rouleaux Le prix\u00a0 varie en fonction des quantit\u00e9s command\u00e9es.<\/p>\n","protected":false},"featured_media":1435,"comment_status":"open","ping_status":"closed","template":"","meta":{"_mi_skip_tracking":false},"product_cat":[44,17],"product_tag":[],"_links":{"self":[{"href":"https:\/\/procomed.ch\/en\/wp-json\/wp\/v2\/product\/1439"}],"collection":[{"href":"https:\/\/procomed.ch\/en\/wp-json\/wp\/v2\/product"}],"about":[{"href":"https:\/\/procomed.ch\/en\/wp-json\/wp\/v2\/types\/product"}],"replies":[{"embeddable":true,"href":"https:\/\/procomed.ch\/en\/wp-json\/wp\/v2\/comments?post=1439"}],"wp:featuredmedia":[{"embeddable":true,"href":"https:\/\/procomed.ch\/en\/wp-json\/wp\/v2\/media\/1435"}],"wp:attachment":[{"href":"https:\/\/procomed.ch\/en\/wp-json\/wp\/v2\/media?parent=1439"}],"wp:term":[{"taxonomy":"product_cat","embeddable":true,"href":"https:\/\/procomed.ch\/en\/wp-json\/wp\/v2\/product_cat?post=1439"},{"taxonomy":"product_tag","embeddable":true,"href":"https:\/\/procomed.ch\/en\/wp-json\/wp\/v2\/product_tag?post=1439"}],"curies":[{"name":"wp","href":"https:\/\/api.w.org\/{rel}","templated":true}]}}