{"id":130,"date":"2016-04-07T10:37:41","date_gmt":"2016-04-07T09:37:41","guid":{"rendered":"https:\/\/procomed.ch\/?post_type=product&#038;p=130"},"modified":"2022-09-26T08:55:46","modified_gmt":"2022-09-26T06:55:46","slug":"gants-dexamen-latex-steriles-poudres-triflex-lp","status":"publish","type":"product","link":"https:\/\/procomed.ch\/en\/produit\/gants-dexamen-latex-steriles-poudres-triflex-lp\/","title":{"rendered":"(Fran\u00e7ais) Gants chirurgicaux, OR Standard, taille 5,5"},"content":{"rendered":"<p class=\"qtranxs-available-languages-message qtranxs-available-languages-message-en\">Sorry, this entry is only available in <a href=\"https:\/\/procomed.ch\/fr\/wp-json\/wp\/v2\/product\/130\" class=\"qtranxs-available-language-link qtranxs-available-language-link-fr\" title=\"Fran\u00e7ais\">French<\/a>.<\/p>","protected":false},"excerpt":{"rendered":"<p><strong>R\u00e9f : <\/strong>3500 \u00e0 3507<br \/>\nGants d&#8217;examen latex st\u00e9riles poudr\u00e9s Triflex LP.<br \/>\nGants faiblement poudr\u00e9s. Anatomique, en latex, st\u00e9rile. Ce gant offre un tr\u00e8s haut niveau de confort et une r\u00e9sistance remarquable. Emball\u00e9s par paire, sous pochette poly\u00e9thyl\u00e8ne thermosoud\u00e9e<br \/>\n<strong>Taille : <\/strong>5.5 ; 6 ; 6.5 ; 7 ; 7.5 ; 8 ; 8.5 ; 9 &#8211; <strong><br \/>\nCond. : <\/strong>Bo\u00eete de 50paires<br \/>\n<strong>Le prix <\/strong>varie en fonction des quantit\u00e9s command\u00e9es.<\/p>\n","protected":false},"featured_media":2048,"comment_status":"open","ping_status":"closed","template":"","meta":{"_mi_skip_tracking":false},"product_cat":[13],"product_tag":[],"_links":{"self":[{"href":"https:\/\/procomed.ch\/en\/wp-json\/wp\/v2\/product\/130"}],"collection":[{"href":"https:\/\/procomed.ch\/en\/wp-json\/wp\/v2\/product"}],"about":[{"href":"https:\/\/procomed.ch\/en\/wp-json\/wp\/v2\/types\/product"}],"replies":[{"embeddable":true,"href":"https:\/\/procomed.ch\/en\/wp-json\/wp\/v2\/comments?post=130"}],"wp:featuredmedia":[{"embeddable":true,"href":"https:\/\/procomed.ch\/en\/wp-json\/wp\/v2\/media\/2048"}],"wp:attachment":[{"href":"https:\/\/procomed.ch\/en\/wp-json\/wp\/v2\/media?parent=130"}],"wp:term":[{"taxonomy":"product_cat","embeddable":true,"href":"https:\/\/procomed.ch\/en\/wp-json\/wp\/v2\/product_cat?post=130"},{"taxonomy":"product_tag","embeddable":true,"href":"https:\/\/procomed.ch\/en\/wp-json\/wp\/v2\/product_tag?post=130"}],"curies":[{"name":"wp","href":"https:\/\/api.w.org\/{rel}","templated":true}]}}