{"id":1284,"date":"2017-04-03T16:09:11","date_gmt":"2017-04-03T15:09:11","guid":{"rendered":"https:\/\/procomed.ch\/?post_type=product&#038;p=1284"},"modified":"2017-04-12T11:16:15","modified_gmt":"2017-04-12T10:16:15","slug":"bobine-dessuyage-2-plis-master-time","status":"publish","type":"product","link":"https:\/\/procomed.ch\/en\/produit\/bobine-dessuyage-2-plis-master-time\/","title":{"rendered":"Bobine d&#8217;essuyage 2 plis, Master time"},"content":{"rendered":"<p>Bobine d\u2019essuie-mains 2 plis pure ouate blanche, Master Time, autocut sans pr\u00e9d\u00e9coupe<\/p>\n<p>&nbsp;<\/p>\n<p><strong>Taille : <\/strong>285 m\u00e8tres ; hauteur de 20 cm ; diam\u00e8tre de 20 cm<strong><br \/>\nCond. : <\/strong>Lot de 6 bobines<br \/>\n<strong>Le prix\u00a0<\/strong>varie en fonction des quantit\u00e9s command\u00e9es.<\/p>\n","protected":false},"excerpt":{"rendered":"<p>Bobine d\u2019essuie-mains 2 plis pure ouate blanche, Master Time, autocut sans pr\u00e9d\u00e9coupe &nbsp; Taille : 285 m\u00e8tres ; hauteur de 20 cm ; diam\u00e8tre de 20 cm Cond. : Lot de 6 bobines Le prix\u00a0varie en fonction des quantit\u00e9s command\u00e9es.<\/p>\n","protected":false},"featured_media":1285,"comment_status":"open","ping_status":"closed","template":"","meta":{"_mi_skip_tracking":false},"product_cat":[48,19],"product_tag":[],"_links":{"self":[{"href":"https:\/\/procomed.ch\/en\/wp-json\/wp\/v2\/product\/1284"}],"collection":[{"href":"https:\/\/procomed.ch\/en\/wp-json\/wp\/v2\/product"}],"about":[{"href":"https:\/\/procomed.ch\/en\/wp-json\/wp\/v2\/types\/product"}],"replies":[{"embeddable":true,"href":"https:\/\/procomed.ch\/en\/wp-json\/wp\/v2\/comments?post=1284"}],"wp:featuredmedia":[{"embeddable":true,"href":"https:\/\/procomed.ch\/en\/wp-json\/wp\/v2\/media\/1285"}],"wp:attachment":[{"href":"https:\/\/procomed.ch\/en\/wp-json\/wp\/v2\/media?parent=1284"}],"wp:term":[{"taxonomy":"product_cat","embeddable":true,"href":"https:\/\/procomed.ch\/en\/wp-json\/wp\/v2\/product_cat?post=1284"},{"taxonomy":"product_tag","embeddable":true,"href":"https:\/\/procomed.ch\/en\/wp-json\/wp\/v2\/product_tag?post=1284"}],"curies":[{"name":"wp","href":"https:\/\/api.w.org\/{rel}","templated":true}]}}