{"id":1276,"date":"2017-04-03T11:26:56","date_gmt":"2017-04-03T10:26:56","guid":{"rendered":"https:\/\/procomed.ch\/?post_type=product&#038;p=1276"},"modified":"2017-04-12T11:17:57","modified_gmt":"2017-04-12T10:17:57","slug":"bobine-dessuyage-tork-premium","status":"publish","type":"product","link":"https:\/\/procomed.ch\/en\/produit\/bobine-dessuyage-tork-premium\/","title":{"rendered":"Bobine d&#8217;essuyage Tork Premium"},"content":{"rendered":"<p>Bobine d&#8217;essuyage 2 plis TAD blanc, motifs bleus, Tork Premium, H1 syst\u00e8me, autocut\u00a0sans pr\u00e9d\u00e9coupe.<\/p>\n<p>&nbsp;<\/p>\n<p><strong>Taille<\/strong> : 100 m\u00e8tres ; hauteur 24.50 cm, diam\u00e8tre 19 cm<br \/>\n<strong>Cond. : <\/strong>Lot de 6 bobines<br \/>\n<strong>Le prix\u00a0<\/strong>varie en fonction des quantit\u00e9s command\u00e9es.<\/p>\n","protected":false},"excerpt":{"rendered":"<p>Bobine d&#8217;essuyage 2 plis TAD blanc, motifs bleus, Tork Premium, H1 syst\u00e8me, autocut\u00a0sans pr\u00e9d\u00e9coupe. &nbsp; Taille : 100 m\u00e8tres ; hauteur 24.50 cm, diam\u00e8tre 19 cm Cond. : Lot de 6 bobines Le prix\u00a0varie en fonction des quantit\u00e9s command\u00e9es.<\/p>\n","protected":false},"featured_media":1283,"comment_status":"open","ping_status":"closed","template":"","meta":{"_mi_skip_tracking":false},"product_cat":[48,19],"product_tag":[],"_links":{"self":[{"href":"https:\/\/procomed.ch\/en\/wp-json\/wp\/v2\/product\/1276"}],"collection":[{"href":"https:\/\/procomed.ch\/en\/wp-json\/wp\/v2\/product"}],"about":[{"href":"https:\/\/procomed.ch\/en\/wp-json\/wp\/v2\/types\/product"}],"replies":[{"embeddable":true,"href":"https:\/\/procomed.ch\/en\/wp-json\/wp\/v2\/comments?post=1276"}],"wp:featuredmedia":[{"embeddable":true,"href":"https:\/\/procomed.ch\/en\/wp-json\/wp\/v2\/media\/1283"}],"wp:attachment":[{"href":"https:\/\/procomed.ch\/en\/wp-json\/wp\/v2\/media?parent=1276"}],"wp:term":[{"taxonomy":"product_cat","embeddable":true,"href":"https:\/\/procomed.ch\/en\/wp-json\/wp\/v2\/product_cat?post=1276"},{"taxonomy":"product_tag","embeddable":true,"href":"https:\/\/procomed.ch\/en\/wp-json\/wp\/v2\/product_tag?post=1276"}],"curies":[{"name":"wp","href":"https:\/\/api.w.org\/{rel}","templated":true}]}}