{"id":126,"date":"2016-04-07T10:35:47","date_gmt":"2016-04-07T09:35:47","guid":{"rendered":"https:\/\/procomed.ch\/?post_type=product&#038;p=126"},"modified":"2023-01-17T16:37:03","modified_gmt":"2023-01-17T15:37:03","slug":"gants-latex-steriles-non-poudres-avec-pellicule","status":"publish","type":"product","link":"https:\/\/procomed.ch\/en\/produit\/gants-latex-steriles-non-poudres-avec-pellicule\/","title":{"rendered":"Gants chirurgicaux, Protexis Latex Micro, taille 6"},"content":{"rendered":"<p>Gants chirurgicaux st\u00e9riles, latex non poudr\u00e9s, Protexis Latex Micro.<br \/>\nRev\u00eatement\u00a0int\u00e9rieure nitrile.<br \/>\n\u00c9paisseur micro, grip doux pour une pr\u00e9hension des instruments pr\u00e9cise.<br \/>\nCouleur brune.<\/p>\n<p>&nbsp;<br \/>\n<strong>Taille : <\/strong>6\u00a0<strong><br \/>\nCond. : <\/strong> Carton de 4 bo\u00eetes de 50 paires (200 paires)<br \/>\n<strong>Le prix <\/strong>varie en fonction des quantit\u00e9s command\u00e9es.<\/p>","protected":false},"excerpt":{"rendered":"<p><strong>R\u00e9f : <\/strong>3441 \u00e0 3446<br \/>\nGants de chirurgie latex st\u00e9riles non poudr\u00e9s avec pellicule int\u00e9rieure synth\u00e9tique Protexis Latex Micro<br \/>\n<strong>Taille : <\/strong>6 ; 6.5 ; 7 ; 7.5 ; 8 ; 8.5 &#8211; <strong><br \/>\nCond. : <\/strong>Bo\u00eete de 50 paires<br \/>\n<strong>Le prix <\/strong>varie en fonction des quantit\u00e9s command\u00e9es.<\/p>\n","protected":false},"featured_media":2049,"comment_status":"open","ping_status":"closed","template":"","meta":{"_mi_skip_tracking":false},"product_cat":[13,54],"product_tag":[],"_links":{"self":[{"href":"https:\/\/procomed.ch\/en\/wp-json\/wp\/v2\/product\/126"}],"collection":[{"href":"https:\/\/procomed.ch\/en\/wp-json\/wp\/v2\/product"}],"about":[{"href":"https:\/\/procomed.ch\/en\/wp-json\/wp\/v2\/types\/product"}],"replies":[{"embeddable":true,"href":"https:\/\/procomed.ch\/en\/wp-json\/wp\/v2\/comments?post=126"}],"wp:featuredmedia":[{"embeddable":true,"href":"https:\/\/procomed.ch\/en\/wp-json\/wp\/v2\/media\/2049"}],"wp:attachment":[{"href":"https:\/\/procomed.ch\/en\/wp-json\/wp\/v2\/media?parent=126"}],"wp:term":[{"taxonomy":"product_cat","embeddable":true,"href":"https:\/\/procomed.ch\/en\/wp-json\/wp\/v2\/product_cat?post=126"},{"taxonomy":"product_tag","embeddable":true,"href":"https:\/\/procomed.ch\/en\/wp-json\/wp\/v2\/product_tag?post=126"}],"curies":[{"name":"wp","href":"https:\/\/api.w.org\/{rel}","templated":true}]}}