{"id":1151,"date":"2017-02-16T16:35:06","date_gmt":"2017-02-16T15:35:06","guid":{"rendered":"https:\/\/procomed.ch\/?post_type=product&#038;p=1151"},"modified":"2025-09-08T14:45:18","modified_gmt":"2025-09-08T12:45:18","slug":"apolium","status":"publish","type":"product","link":"https:\/\/procomed.ch\/en\/produit\/apolium\/","title":{"rendered":"Apolium"},"content":{"rendered":"<p><strong>Apolium, votre nouveau standard du fauteuil de soin podologique.<br \/>\n<\/strong><\/p>\n<p>Fauteuil \u00e0 hauteur variable de 51 \u00e0 154 cm avec les appui-jambes dissoci\u00e9s, fonctionnels et r\u00e9glable en profondeur et en \u00e9cartement<\/p>\n<p>Sellerie Bodyshape bicouche \u00e0 m\u00e9moire de forme, invitant \u00e0 la relaxation du patient.<\/p>\n<p>P\u00e9dale intuitive sans fil permettant des mouvements doux et adapt\u00e9s, avec programmation personnalis\u00e9e en clic.<\/p>\n<p>Plusieurs mod\u00e8les et options \u00e0 votre disposition.<\/p>\n<p>Pour plus de renseignements, contactez un de nos conseillers qui se fera un plaisir de vous informer.<\/p>\n<p>&nbsp;<\/p>\n<p><a href=\"https:\/\/procomed.ch\/wp-content\/uploads\/2017\/02\/APOLIUM_FR_BD.pdf\" target=\"_blank\" rel=\"noopener\">fiche produit<\/a><\/p>","protected":false},"excerpt":{"rendered":"<p>Apolium, votre nouveau standard du fauteuil de soin podologique. Fauteuil \u00e0 hauteur variable de 51 \u00e0 154 cm avec les appui-jambes dissoci\u00e9s, fonctionnels et r\u00e9glable en profondeur et en \u00e9cartement Sellerie Bodyshape bicouche \u00e0 m\u00e9moire de forme, invitant \u00e0 la relaxation du patient. P\u00e9dale intuitive sans fil permettant des mouvements doux et adapt\u00e9s, avec programmation [&hellip;]<\/p>\n","protected":false},"featured_media":1155,"comment_status":"open","ping_status":"closed","template":"","meta":{"_mi_skip_tracking":false},"product_cat":[77,23],"product_tag":[533,532],"_links":{"self":[{"href":"https:\/\/procomed.ch\/en\/wp-json\/wp\/v2\/product\/1151"}],"collection":[{"href":"https:\/\/procomed.ch\/en\/wp-json\/wp\/v2\/product"}],"about":[{"href":"https:\/\/procomed.ch\/en\/wp-json\/wp\/v2\/types\/product"}],"replies":[{"embeddable":true,"href":"https:\/\/procomed.ch\/en\/wp-json\/wp\/v2\/comments?post=1151"}],"wp:featuredmedia":[{"embeddable":true,"href":"https:\/\/procomed.ch\/en\/wp-json\/wp\/v2\/media\/1155"}],"wp:attachment":[{"href":"https:\/\/procomed.ch\/en\/wp-json\/wp\/v2\/media?parent=1151"}],"wp:term":[{"taxonomy":"product_cat","embeddable":true,"href":"https:\/\/procomed.ch\/en\/wp-json\/wp\/v2\/product_cat?post=1151"},{"taxonomy":"product_tag","embeddable":true,"href":"https:\/\/procomed.ch\/en\/wp-json\/wp\/v2\/product_tag?post=1151"}],"curies":[{"name":"wp","href":"https:\/\/api.w.org\/{rel}","templated":true}]}}