{"id":1101,"date":"2017-01-19T18:56:55","date_gmt":"2017-01-19T17:56:55","guid":{"rendered":"https:\/\/procomed.ch\/?post_type=product&#038;p=1101"},"modified":"2025-09-08T14:49:41","modified_gmt":"2025-09-08T12:49:41","slug":"divan-emotio-promotal","status":"publish","type":"product","link":"https:\/\/procomed.ch\/en\/produit\/divan-emotio-promotal\/","title":{"rendered":"Divan eMotio Promotal"},"content":{"rendered":"<p>Le divan tout \u00e9lectrique de Promotal, r\u00e9invente la consultation m\u00e9dicale.<br \/>\nAccueil et examen en position fauteuil.<br \/>\nVos positions favorites en une impulsion : 2 positions d&#8217;examen 100% param\u00e9trable, position d&#8217;accueil et position divan \/ fauteuil.<br \/>\nAcc\u00e8s facile et rapide tout autour du divan, relationnel plus \u00e9quilibr\u00e9 entre le m\u00e9decin et son patient, sellerie grand confort.<br \/>\nPosition gyn\u00e9co en option, avec possibilit\u00e9 de sur\u00e9lever le bassin jusqu&#8217;\u00e0 105 cm.<br \/>\nGarantie : 5 ans sur la partie \u00e9lectrique, 10 ans sur la structure.<br \/>\nCapacit\u00e9 de 205 kg<\/p>\n<p>Contactez un de nos conseillers qui se fera un plaisir de vous informer sur les divers options ou vous faire un devis personnalis\u00e9.<\/p>\n<p><strong>Dim :<\/strong> 70 x 200 cm<br \/>\n<strong>Hauteur :<\/strong> de 45 \u00e0 96 cm<\/p>\n<p>&nbsp;<\/p>\n<p><a href=\"https:\/\/procomed.ch\/wp-content\/uploads\/2017\/01\/eMotio-FR-BD.pdf\" target=\"_blank\" rel=\"noopener noreferrer\">Fiche technique<\/a><\/p>","protected":false},"excerpt":{"rendered":"<p>Le divan tout \u00e9lectrique de Promotal, r\u00e9invente la consultation m\u00e9dicale. Accueil et examen en position fauteuil. Vos positions favorites en une impulsion : 2 positions d&#8217;examen 100% param\u00e9trable, position d&#8217;accueil et position divan \/ fauteuil. Acc\u00e8s facile et rapide tout autour du divan, relationnel plus \u00e9quilibr\u00e9 entre le m\u00e9decin et son patient, sellerie grand confort. [&hellip;]<\/p>\n","protected":false},"featured_media":1606,"comment_status":"open","ping_status":"closed","template":"","meta":{"_mi_skip_tracking":false},"product_cat":[76,23],"product_tag":[],"_links":{"self":[{"href":"https:\/\/procomed.ch\/en\/wp-json\/wp\/v2\/product\/1101"}],"collection":[{"href":"https:\/\/procomed.ch\/en\/wp-json\/wp\/v2\/product"}],"about":[{"href":"https:\/\/procomed.ch\/en\/wp-json\/wp\/v2\/types\/product"}],"replies":[{"embeddable":true,"href":"https:\/\/procomed.ch\/en\/wp-json\/wp\/v2\/comments?post=1101"}],"wp:featuredmedia":[{"embeddable":true,"href":"https:\/\/procomed.ch\/en\/wp-json\/wp\/v2\/media\/1606"}],"wp:attachment":[{"href":"https:\/\/procomed.ch\/en\/wp-json\/wp\/v2\/media?parent=1101"}],"wp:term":[{"taxonomy":"product_cat","embeddable":true,"href":"https:\/\/procomed.ch\/en\/wp-json\/wp\/v2\/product_cat?post=1101"},{"taxonomy":"product_tag","embeddable":true,"href":"https:\/\/procomed.ch\/en\/wp-json\/wp\/v2\/product_tag?post=1101"}],"curies":[{"name":"wp","href":"https:\/\/api.w.org\/{rel}","templated":true}]}}