{"id":109,"date":"2016-04-07T10:15:10","date_gmt":"2016-04-07T09:15:10","guid":{"rendered":"https:\/\/procomed.ch\/?post_type=product&#038;p=109"},"modified":"2017-04-21T09:43:09","modified_gmt":"2017-04-21T08:43:09","slug":"gants-de-toilette-jetables","status":"publish","type":"product","link":"https:\/\/procomed.ch\/en\/produit\/gants-de-toilette-jetables\/","title":{"rendered":"Gants de toilette jetables, non tiss\u00e9"},"content":{"rendered":"<p>Gants de toilette jetables, non tiss\u00e9 doux 80 gr, blanc soud\u00e9.<\/p>\n<p>&nbsp;<\/p>\n<p><strong><br \/>\nCond. : C<\/strong>arton de 15 sachets de 50 pi\u00e8ces<br \/>\n<strong>Le prix\u00a0<\/strong>varie en fonction des quantit\u00e9s command\u00e9es.<\/p>\n<p>&nbsp;<\/p>\n","protected":false},"excerpt":{"rendered":"<p>Gants de toilette jetables, non tiss\u00e9 doux 80 gr, blanc soud\u00e9. &nbsp; Cond. : Carton de 15 sachets de 50 pi\u00e8ces Le prix\u00a0varie en fonction des quantit\u00e9s command\u00e9es. &nbsp;<\/p>\n","protected":false},"featured_media":1604,"comment_status":"open","ping_status":"closed","template":"","meta":{"_mi_skip_tracking":false},"product_cat":[13,51],"product_tag":[],"_links":{"self":[{"href":"https:\/\/procomed.ch\/en\/wp-json\/wp\/v2\/product\/109"}],"collection":[{"href":"https:\/\/procomed.ch\/en\/wp-json\/wp\/v2\/product"}],"about":[{"href":"https:\/\/procomed.ch\/en\/wp-json\/wp\/v2\/types\/product"}],"replies":[{"embeddable":true,"href":"https:\/\/procomed.ch\/en\/wp-json\/wp\/v2\/comments?post=109"}],"wp:featuredmedia":[{"embeddable":true,"href":"https:\/\/procomed.ch\/en\/wp-json\/wp\/v2\/media\/1604"}],"wp:attachment":[{"href":"https:\/\/procomed.ch\/en\/wp-json\/wp\/v2\/media?parent=109"}],"wp:term":[{"taxonomy":"product_cat","embeddable":true,"href":"https:\/\/procomed.ch\/en\/wp-json\/wp\/v2\/product_cat?post=109"},{"taxonomy":"product_tag","embeddable":true,"href":"https:\/\/procomed.ch\/en\/wp-json\/wp\/v2\/product_tag?post=109"}],"curies":[{"name":"wp","href":"https:\/\/api.w.org\/{rel}","templated":true}]}}