{"id":1025,"date":"2016-12-02T10:36:40","date_gmt":"2016-12-02T09:36:40","guid":{"rendered":"https:\/\/procomed.ch\/?post_type=product&#038;p=1025"},"modified":"2017-02-17T10:55:50","modified_gmt":"2017-02-17T09:55:50","slug":"euronda-e7-2","status":"publish","type":"product","link":"https:\/\/procomed.ch\/en\/produit\/euronda-e7-2\/","title":{"rendered":"Autoclave \u00e9lectronique automatique"},"content":{"rendered":"<p><strong>R\u00e9f :\u00a0 <\/strong>euronda E7<\/p>\n<p>Autoclave \u00e9lectronique automatique.<br \/>\n5 cycles de st\u00e9rilisation, pr\u00e9-programm\u00e9s. Chambre en acier inoxydable, contr\u00f4le de la temp\u00e9rature, du vide et de la pression.<br \/>\n<strong>Taille :\u00a0 <\/strong>450 x 385 x 500\/600 mm ; poids 40\/44 kg &#8211; <strong>Cond. : <\/strong><br \/>\n<strong>Le prix\u00a0 <\/strong>varie en fonction des quantit\u00e9s command\u00e9es.<\/p>\n","protected":false},"excerpt":{"rendered":"<p>R\u00e9f :\u00a0 euronda E7 Autoclave \u00e9lectronique automatique. 5 cycles de st\u00e9rilisation, pr\u00e9-programm\u00e9s. Chambre en acier inoxydable, contr\u00f4le de la temp\u00e9rature, du vide et de la pression. Taille :\u00a0 450 x 385 x 500\/600 mm ; poids 40\/44 kg &#8211; Cond. : Le prix\u00a0 varie en fonction des quantit\u00e9s command\u00e9es.<\/p>\n","protected":false},"featured_media":0,"comment_status":"open","ping_status":"closed","template":"","meta":{"_mi_skip_tracking":false},"product_cat":[68],"product_tag":[],"_links":{"self":[{"href":"https:\/\/procomed.ch\/en\/wp-json\/wp\/v2\/product\/1025"}],"collection":[{"href":"https:\/\/procomed.ch\/en\/wp-json\/wp\/v2\/product"}],"about":[{"href":"https:\/\/procomed.ch\/en\/wp-json\/wp\/v2\/types\/product"}],"replies":[{"embeddable":true,"href":"https:\/\/procomed.ch\/en\/wp-json\/wp\/v2\/comments?post=1025"}],"wp:attachment":[{"href":"https:\/\/procomed.ch\/en\/wp-json\/wp\/v2\/media?parent=1025"}],"wp:term":[{"taxonomy":"product_cat","embeddable":true,"href":"https:\/\/procomed.ch\/en\/wp-json\/wp\/v2\/product_cat?post=1025"},{"taxonomy":"product_tag","embeddable":true,"href":"https:\/\/procomed.ch\/en\/wp-json\/wp\/v2\/product_tag?post=1025"}],"curies":[{"name":"wp","href":"https:\/\/api.w.org\/{rel}","templated":true}]}}